{"id":50,"date":"2024-10-09T17:46:22","date_gmt":"2024-10-09T16:46:22","guid":{"rendered":"https:\/\/irweb.notoria.pl\/wordpress\/?page_id=50"},"modified":"2025-06-04T11:28:51","modified_gmt":"2025-06-04T10:28:51","slug":"walne-zgromadzenia","status":"publish","type":"page","link":"https:\/\/ir.notoria.pl\/index.php\/relacje-inwestorskie-2\/walne-zgromadzenia\/","title":{"rendered":"Walne zgromadzenia"},"content":{"rendered":"\t\t<div data-elementor-type=\"wp-page\" data-elementor-id=\"50\" class=\"elementor elementor-50\">\n\t\t\t\t<div class=\"elementor-element elementor-element-58f86b49 e-flex e-con-boxed e-con e-parent\" data-id=\"58f86b49\" data-element_type=\"container\" data-settings=\"{&quot;background_background&quot;:&quot;classic&quot;}\">\n\t\t\t\t\t<div class=\"e-con-inner\">\n\t\t<div class=\"elementor-element elementor-element-4dd0df1a e-con-full e-flex e-con e-child\" data-id=\"4dd0df1a\" data-element_type=\"container\">\n\t\t<div class=\"elementor-element elementor-element-3a53e8e9 e-con-full e-flex e-con e-child\" data-id=\"3a53e8e9\" data-element_type=\"container\">\n\t\t\t\t<div class=\"elementor-element elementor-element-7447b797 elementor-widget elementor-widget-heading\" data-id=\"7447b797\" data-element_type=\"widget\" data-widget_type=\"heading.default\">\n\t\t\t\t<div class=\"elementor-widget-container\">\n\t\t\t<h2 class=\"elementor-heading-title elementor-size-default\">Relacje\nInwestorskie<\/h2>\t\t<\/div>\n\t\t\t\t<\/div>\n\t\t\t\t<div class=\"elementor-element elementor-element-6f34013b elementor-widget elementor-widget-heading\" data-id=\"6f34013b\" data-element_type=\"widget\" data-widget_type=\"heading.default\">\n\t\t\t\t<div class=\"elementor-widget-container\">\n\t\t\t<h4 class=\"elementor-heading-title elementor-size-default\">Walne Zgromadzenia<\/h4>\t\t<\/div>\n\t\t\t\t<\/div>\n\t\t\t\t<\/div>\n\t\t<div class=\"elementor-element elementor-element-49ec8dd3 e-con-full e-flex e-con e-child\" data-id=\"49ec8dd3\" data-element_type=\"container\">\n\t\t\t\t<div class=\"elementor-element elementor-element-427e4a8e elementor-widget elementor-widget-text-editor\" data-id=\"427e4a8e\" data-element_type=\"widget\" data-widget_type=\"text-editor.default\">\n\t\t\t\t<div class=\"elementor-widget-container\">\n\t\t\t\t\t\t\t<p>Dzia\u0142aj\u0105c na podstawie art. 399 \u00a71 oraz art. 402[1] \u2013 402[2] Kodeksu sp\u00f3\u0142ek handlowych (\u201eKSH\u201d), Zarz\u0105d Sp\u00f3\u0142ki Notoria Sp\u00f3\u0142ka Akcyjna z siedzib\u0105 w Warszawie przy ul. Chmielna 32\/25, wpisanej do Rejestru Przedsi\u0119biorc\u00f3w prowadzonego przez S\u0105d Rejonowy dla m. st. Warszawy XII Wydzia\u0142 Gospodarczy Krajowego Rejestru S\u0105dowego pod numerem KRS 0000331515 (\u201eSp\u00f3\u0142ka&#8221;) informuje o zwo\u0142aniu Zwyczajnego Walnego Zgromadzenia Sp\u00f3\u0142ki, kt\u00f3re odb\u0119dzie si\u0119 w dniu:<\/p>\t\t\t\t\t\t<\/div>\n\t\t\t\t<\/div>\n\t\t\t\t<div class=\"elementor-element elementor-element-4c52accb elementor-widget elementor-widget-text-editor\" data-id=\"4c52accb\" data-element_type=\"widget\" data-widget_type=\"text-editor.default\">\n\t\t\t\t<div class=\"elementor-widget-container\">\n\t\t\t\t\t\t\t<p>30 czerwca 2025 roku o godz. 12:00 w Kancelarii Notarialnej \u017bywia Lipi\u0144ska, Magdalena Dzierba przy ulicy Mickiewicza 22 lok. 2 w Warszawie.<\/p>\t\t\t\t\t\t<\/div>\n\t\t\t\t<\/div>\n\t\t\t\t<\/div>\n\t\t\t\t<\/div>\n\t\t<div class=\"elementor-element elementor-element-3f41a241 e-con-full e-flex e-con e-child\" data-id=\"3f41a241\" data-element_type=\"container\" data-settings=\"{&quot;background_background&quot;:&quot;classic&quot;}\">\n\t\t\t\t<div class=\"elementor-element elementor-element-2efd6071 elementor-widget elementor-widget-heading\" data-id=\"2efd6071\" data-element_type=\"widget\" data-widget_type=\"heading.default\">\n\t\t\t\t<div class=\"elementor-widget-container\">\n\t\t\t<h2 class=\"elementor-heading-title elementor-size-default\">pliki  do pobrania<\/h2>\t\t<\/div>\n\t\t\t\t<\/div>\n\t\t<div class=\"elementor-element elementor-element-2127e202 e-con-full e-grid e-con e-child\" data-id=\"2127e202\" data-element_type=\"container\">\n\t\t\t\t<div class=\"elementor-element elementor-element-19c45dcf elementor-widget elementor-widget-elementskit-button\" data-id=\"19c45dcf\" data-element_type=\"widget\" data-widget_type=\"elementskit-button.default\">\n\t\t\t\t<div class=\"elementor-widget-container\">\n\t\t\t<div class=\"ekit-wid-con\" >\t\t<div class=\"ekit-btn-wraper\">\n\t\t\t\t\t\t\t<a href=\"https:\/\/ir.notoria.pl\/wp-content\/uploads\/2024\/10\/projekty_uchwal.pdf\" class=\"elementskit-btn  whitespace--normal\" id=\"\">\n\t\t\t\t\tprojekty uchwa\u0142\t\t\t\t<\/a>\n\t\t\t\t\t<\/div>\n        <\/div>\t\t<\/div>\n\t\t\t\t<\/div>\n\t\t\t\t<div class=\"elementor-element elementor-element-19440ff6 elementor-widget elementor-widget-elementskit-button\" data-id=\"19440ff6\" data-element_type=\"widget\" data-widget_type=\"elementskit-button.default\">\n\t\t\t\t<div class=\"elementor-widget-container\">\n\t\t\t<div class=\"ekit-wid-con\" >\t\t<div class=\"ekit-btn-wraper\">\n\t\t\t\t\t\t\t<a href=\"https:\/\/ir.notoria.pl\/wp-content\/uploads\/2024\/10\/informacje_akcjonariuszy.pdf\" class=\"elementskit-btn  whitespace--normal\" id=\"\">\n\t\t\t\t\tinformacje dla akcjonariuszy\t\t\t\t<\/a>\n\t\t\t\t\t<\/div>\n        <\/div>\t\t<\/div>\n\t\t\t\t<\/div>\n\t\t\t\t<div class=\"elementor-element elementor-element-24402790 elementor-widget elementor-widget-elementskit-button\" data-id=\"24402790\" data-element_type=\"widget\" data-widget_type=\"elementskit-button.default\">\n\t\t\t\t<div class=\"elementor-widget-container\">\n\t\t\t<div class=\"ekit-wid-con\" >\t\t<div class=\"ekit-btn-wraper\">\n\t\t\t\t\t\t\t<a href=\"https:\/\/ir.notoria.pl\/wp-content\/uploads\/2024\/10\/formularz.pdf\" class=\"elementskit-btn  whitespace--normal\" id=\"\">\n\t\t\t\t\tformularz g\u0142osowania dla pe\u0142nomocnika\t\t\t\t<\/a>\n\t\t\t\t\t<\/div>\n        <\/div>\t\t<\/div>\n\t\t\t\t<\/div>\n\t\t\t\t<\/div>\n\t\t\t\t<\/div>\n\t\t\t\t\t<\/div>\n\t\t\t\t<\/div>\n\t\t\t\t<\/div>\n\t\t","protected":false},"excerpt":{"rendered":"<p>Relacje Inwestorskie Walne Zgromadzenia Dzia\u0142aj\u0105c na podstawie art. 399 \u00a71 oraz art. 402[1] \u2013 402[2] Kodeksu sp\u00f3\u0142ek handlowych (\u201eKSH\u201d), Zarz\u0105d Sp\u00f3\u0142ki Notoria Sp\u00f3\u0142ka Akcyjna z siedzib\u0105 w Warszawie przy ul. Chmielna 32\/25, wpisanej do Rejestru Przedsi\u0119biorc\u00f3w prowadzonego przez S\u0105d Rejonowy dla m. st. Warszawy XII Wydzia\u0142 Gospodarczy Krajowego Rejestru S\u0105dowego pod numerem KRS 0000331515 (\u201eSp\u00f3\u0142ka&#8221;) [&hellip;]<\/p>\n","protected":false},"author":11,"featured_media":0,"parent":36,"menu_order":0,"comment_status":"closed","ping_status":"closed","template":"","meta":{"footnotes":""},"class_list":["post-50","page","type-page","status-publish","hentry"],"_links":{"self":[{"href":"https:\/\/ir.notoria.pl\/index.php\/wp-json\/wp\/v2\/pages\/50"}],"collection":[{"href":"https:\/\/ir.notoria.pl\/index.php\/wp-json\/wp\/v2\/pages"}],"about":[{"href":"https:\/\/ir.notoria.pl\/index.php\/wp-json\/wp\/v2\/types\/page"}],"author":[{"embeddable":true,"href":"https:\/\/ir.notoria.pl\/index.php\/wp-json\/wp\/v2\/users\/11"}],"replies":[{"embeddable":true,"href":"https:\/\/ir.notoria.pl\/index.php\/wp-json\/wp\/v2\/comments?post=50"}],"version-history":[{"count":70,"href":"https:\/\/ir.notoria.pl\/index.php\/wp-json\/wp\/v2\/pages\/50\/revisions"}],"predecessor-version":[{"id":1757,"href":"https:\/\/ir.notoria.pl\/index.php\/wp-json\/wp\/v2\/pages\/50\/revisions\/1757"}],"up":[{"embeddable":true,"href":"https:\/\/ir.notoria.pl\/index.php\/wp-json\/wp\/v2\/pages\/36"}],"wp:attachment":[{"href":"https:\/\/ir.notoria.pl\/index.php\/wp-json\/wp\/v2\/media?parent=50"}],"curies":[{"name":"wp","href":"https:\/\/api.w.org\/{rel}","templated":true}]}}