{"id":38,"date":"2024-10-09T17:48:09","date_gmt":"2024-10-09T16:48:09","guid":{"rendered":"https:\/\/irweb.notoria.pl\/wordpress\/?page_id=38"},"modified":"2024-12-06T14:43:10","modified_gmt":"2024-12-06T13:43:10","slug":"narzedzia-ir","status":"publish","type":"page","link":"https:\/\/ir.notoria.pl\/index.php\/produkty\/narzedzia-ir\/","title":{"rendered":"Narz\u0119dzia IR"},"content":{"rendered":"\t\t<div data-elementor-type=\"wp-page\" data-elementor-id=\"38\" class=\"elementor elementor-38\">\n\t\t\t\t<div class=\"elementor-element elementor-element-42f010e3 e-flex e-con-boxed e-con e-parent\" data-id=\"42f010e3\" data-element_type=\"container\" data-settings=\"{&quot;background_background&quot;:&quot;classic&quot;}\">\n\t\t\t\t\t<div class=\"e-con-inner\">\n\t\t\t\t<div class=\"elementor-element elementor-element-a6fd564 elementor-widget elementor-widget-image\" data-id=\"a6fd564\" data-element_type=\"widget\" data-widget_type=\"image.default\">\n\t\t\t\t<div class=\"elementor-widget-container\">\n\t\t\t\t\t\t\t\t\t\t\t\t\t<img fetchpriority=\"high\" decoding=\"async\" width=\"800\" height=\"568\" src=\"https:\/\/ir.notoria.pl\/wp-content\/uploads\/2024\/10\/Rectangle-54.svg\" class=\"attachment-large size-large wp-image-280\" alt=\"\" \/>\t\t\t\t\t\t\t\t\t\t\t\t\t<\/div>\n\t\t\t\t<\/div>\n\t\t<div class=\"elementor-element elementor-element-34700aad e-con-full e-grid e-con e-child\" data-id=\"34700aad\" data-element_type=\"container\">\n\t\t<div class=\"elementor-element elementor-element-198db562 e-con-full e-flex e-con e-child\" data-id=\"198db562\" data-element_type=\"container\">\n\t\t\t\t<div class=\"elementor-element elementor-element-fcf158a elementor-widget elementor-widget-heading\" data-id=\"fcf158a\" data-element_type=\"widget\" data-widget_type=\"heading.default\">\n\t\t\t\t<div class=\"elementor-widget-container\">\n\t\t\t<h2 class=\"elementor-heading-title elementor-size-default\">Narz\u0119dzia IR<\/h2>\t\t<\/div>\n\t\t\t\t<\/div>\n\t\t\t\t<div class=\"elementor-element elementor-element-174d20d8 elementor-widget elementor-widget-text-editor\" data-id=\"174d20d8\" data-element_type=\"widget\" data-widget_type=\"text-editor.default\">\n\t\t\t\t<div class=\"elementor-widget-container\">\n\t\t\t\t\t\t\t<p>Gotowe komponenty zawieraj\u0105ce niezb\u0119dne dane do tworzenia sekcji relacji inwestorskich na stronach internetowych emitent\u00f3w. Oferowane rozwi\u0105zanie jest zgodne z zaleceniami GPW dotycz\u0105cymi Modelowego Serwisu Relacji Inwestorskich (naszmodel.gpw.pl).<\/p>\t\t\t\t\t\t<\/div>\n\t\t\t\t<\/div>\n\t\t\t\t<div class=\"elementor-element elementor-element-7d75f8a7 elementor-widget elementor-widget-elementskit-button\" data-id=\"7d75f8a7\" data-element_type=\"widget\" data-widget_type=\"elementskit-button.default\">\n\t\t\t\t<div class=\"elementor-widget-container\">\n\t\t\t<div class=\"ekit-wid-con\" >\t\t<div class=\"ekit-btn-wraper\">\n\t\t\t\t\t\t\t<a href=\"http:\/\/naszmodel.gpw.pl\/\" class=\"elementskit-btn  whitespace--normal\" id=\"\">\n\t\t\t\t\tzobacz makiet\u0119 serwisu\t\t\t\t<\/a>\n\t\t\t\t\t<\/div>\n        <\/div>\t\t<\/div>\n\t\t\t\t<\/div>\n\t\t<div class=\"elementor-element elementor-element-2a0cd4d e-con-full e-flex e-con e-child\" data-id=\"2a0cd4d\" data-element_type=\"container\">\n\t\t\t\t<div class=\"elementor-element elementor-element-205111bf elementor-widget elementor-widget-text-editor\" data-id=\"205111bf\" data-element_type=\"widget\" data-widget_type=\"text-editor.default\">\n\t\t\t\t<div class=\"elementor-widget-container\">\n\t\t\t\t\t\t\t<p>Co oferujemy:<\/p>\t\t\t\t\t\t<\/div>\n\t\t\t\t<\/div>\n\t\t\t\t<div class=\"elementor-element elementor-element-562da55c elementor-widget elementor-widget-text-editor\" data-id=\"562da55c\" data-element_type=\"widget\" data-widget_type=\"text-editor.default\">\n\t\t\t\t<div class=\"elementor-widget-container\">\n\t\t\t\t\t\t\t<ul><li>gotowe komponenty i wid\u017cety na strony relacji inwestorskich,<\/li><li>bezpieczne po\u0142\u0105czenie z wewn\u0119trznymi systemami emitenta,<\/li><li>wsparcie techniczne.<\/li><\/ul>\t\t\t\t\t\t<\/div>\n\t\t\t\t<\/div>\n\t\t\t\t<div class=\"elementor-element elementor-element-ebd02a3 elementor-widget elementor-widget-text-editor\" data-id=\"ebd02a3\" data-element_type=\"widget\" data-widget_type=\"text-editor.default\">\n\t\t\t\t<div class=\"elementor-widget-container\">\n\t\t\t\t\t\t\t<p>Dostarczamy:<\/p>\t\t\t\t\t\t<\/div>\n\t\t\t\t<\/div>\n\t\t\t\t<div class=\"elementor-element elementor-element-ba64149 elementor-widget elementor-widget-text-editor\" data-id=\"ba64149\" data-element_type=\"widget\" data-widget_type=\"text-editor.default\">\n\t\t\t\t<div class=\"elementor-widget-container\">\n\t\t\t\t\t\t\t<ul><li>wid\u017cet z notowaniami sp\u00f3\u0142ki,<\/li><li>wid\u017cet z raportami finansowymi,<\/li><li>wid\u017cet z komunikatami ESPI\/EBI,<\/li><li>inne wid\u017cety wykonane na zam\u00f3wienie.<\/li><\/ul>\t\t\t\t\t\t<\/div>\n\t\t\t\t<\/div>\n\t\t\t\t<div class=\"elementor-element elementor-element-2a528b5 elementor-widget elementor-widget-text-editor\" data-id=\"2a528b5\" data-element_type=\"widget\" data-widget_type=\"text-editor.default\">\n\t\t\t\t<div class=\"elementor-widget-container\">\n\t\t\t\t\t\t\t<p>Wid\u017cety s\u0105 responsywne &#8211; wy\u015bwietlaj\u0105 si\u0119 poprawnie na komputerach i urz\u0105dzeniach mobilnych. Integracja z systemami ESPI oraz EBI zapewnia automatyczn\u0105 aktualizacj\u0119 komunikat\u00f3w i raport\u00f3w.<\/p>\t\t\t\t\t\t<\/div>\n\t\t\t\t<\/div>\n\t\t\t\t<\/div>\n\t\t\t\t<\/div>\n\t\t\t\t<div class=\"elementor-element elementor-element-60479d25 elementor-widget elementor-widget-image\" data-id=\"60479d25\" data-element_type=\"widget\" data-widget_type=\"image.default\">\n\t\t\t\t<div class=\"elementor-widget-container\">\n\t\t\t\t\t\t\t\t\t\t\t\t\t<img decoding=\"async\" width=\"800\" height=\"510\" src=\"https:\/\/ir.notoria.pl\/wp-content\/uploads\/2024\/10\/kafelek_czwarty_gotowy_gotowy-1-1024x653.png\" class=\"attachment-large size-large wp-image-189\" alt=\"\" srcset=\"https:\/\/ir.notoria.pl\/wp-content\/uploads\/2024\/10\/kafelek_czwarty_gotowy_gotowy-1-1024x653.png 1024w, https:\/\/ir.notoria.pl\/wp-content\/uploads\/2024\/10\/kafelek_czwarty_gotowy_gotowy-1-300x191.png 300w, https:\/\/ir.notoria.pl\/wp-content\/uploads\/2024\/10\/kafelek_czwarty_gotowy_gotowy-1-768x490.png 768w, https:\/\/ir.notoria.pl\/wp-content\/uploads\/2024\/10\/kafelek_czwarty_gotowy_gotowy-1.png 1165w\" sizes=\"(max-width: 800px) 100vw, 800px\" \/>\t\t\t\t\t\t\t\t\t\t\t\t\t<\/div>\n\t\t\t\t<\/div>\n\t\t\t\t<\/div>\n\t\t\t\t\t<\/div>\n\t\t\t\t<\/div>\n\t\t\t\t<\/div>\n\t\t","protected":false},"excerpt":{"rendered":"<p>Narz\u0119dzia IR Gotowe komponenty zawieraj\u0105ce niezb\u0119dne dane do tworzenia sekcji relacji inwestorskich na stronach internetowych emitent\u00f3w. Oferowane rozwi\u0105zanie jest zgodne z zaleceniami GPW dotycz\u0105cymi Modelowego Serwisu Relacji Inwestorskich (naszmodel.gpw.pl). zobacz makiet\u0119 serwisu Co oferujemy: gotowe komponenty i wid\u017cety na strony relacji inwestorskich, bezpieczne po\u0142\u0105czenie z wewn\u0119trznymi systemami emitenta, wsparcie techniczne. Dostarczamy: wid\u017cet z notowaniami sp\u00f3\u0142ki, [&hellip;]<\/p>\n","protected":false},"author":11,"featured_media":0,"parent":24,"menu_order":0,"comment_status":"closed","ping_status":"closed","template":"","meta":{"footnotes":""},"class_list":["post-38","page","type-page","status-publish","hentry"],"_links":{"self":[{"href":"https:\/\/ir.notoria.pl\/index.php\/wp-json\/wp\/v2\/pages\/38"}],"collection":[{"href":"https:\/\/ir.notoria.pl\/index.php\/wp-json\/wp\/v2\/pages"}],"about":[{"href":"https:\/\/ir.notoria.pl\/index.php\/wp-json\/wp\/v2\/types\/page"}],"author":[{"embeddable":true,"href":"https:\/\/ir.notoria.pl\/index.php\/wp-json\/wp\/v2\/users\/11"}],"replies":[{"embeddable":true,"href":"https:\/\/ir.notoria.pl\/index.php\/wp-json\/wp\/v2\/comments?post=38"}],"version-history":[{"count":39,"href":"https:\/\/ir.notoria.pl\/index.php\/wp-json\/wp\/v2\/pages\/38\/revisions"}],"predecessor-version":[{"id":1675,"href":"https:\/\/ir.notoria.pl\/index.php\/wp-json\/wp\/v2\/pages\/38\/revisions\/1675"}],"up":[{"embeddable":true,"href":"https:\/\/ir.notoria.pl\/index.php\/wp-json\/wp\/v2\/pages\/24"}],"wp:attachment":[{"href":"https:\/\/ir.notoria.pl\/index.php\/wp-json\/wp\/v2\/media?parent=38"}],"curies":[{"name":"wp","href":"https:\/\/api.w.org\/{rel}","templated":true}]}}