{"id":32,"date":"2024-10-09T17:48:51","date_gmt":"2024-10-09T16:48:51","guid":{"rendered":"https:\/\/irweb.notoria.pl\/wordpress\/?page_id=32"},"modified":"2024-12-09T19:48:35","modified_gmt":"2024-12-09T18:48:35","slug":"skaner-krs","status":"publish","type":"page","link":"https:\/\/ir.notoria.pl\/index.php\/produkty\/skaner-krs\/","title":{"rendered":"Skaner KRS"},"content":{"rendered":"\t\t<div data-elementor-type=\"wp-page\" data-elementor-id=\"32\" class=\"elementor elementor-32\">\n\t\t\t\t<div class=\"elementor-element elementor-element-d98d52a e-flex e-con-boxed e-con e-parent\" data-id=\"d98d52a\" data-element_type=\"container\" data-settings=\"{&quot;background_background&quot;:&quot;classic&quot;}\">\n\t\t\t\t\t<div class=\"e-con-inner\">\n\t\t\t\t<div class=\"elementor-element elementor-element-7a694ee5 elementor-widget elementor-widget-image\" data-id=\"7a694ee5\" data-element_type=\"widget\" data-widget_type=\"image.default\">\n\t\t\t\t<div class=\"elementor-widget-container\">\n\t\t\t\t\t\t\t\t\t\t\t\t\t<img fetchpriority=\"high\" decoding=\"async\" width=\"800\" height=\"568\" src=\"https:\/\/ir.notoria.pl\/wp-content\/uploads\/2024\/10\/Rectangle-54.svg\" class=\"attachment-large size-large wp-image-280\" alt=\"\" \/>\t\t\t\t\t\t\t\t\t\t\t\t\t<\/div>\n\t\t\t\t<\/div>\n\t\t<div class=\"elementor-element elementor-element-7f8f878b e-con-full e-grid e-con e-child\" data-id=\"7f8f878b\" data-element_type=\"container\">\n\t\t<div class=\"elementor-element elementor-element-540f7f70 e-con-full e-flex e-con e-child\" data-id=\"540f7f70\" data-element_type=\"container\">\n\t\t\t\t<div class=\"elementor-element elementor-element-41caf59c elementor-widget elementor-widget-heading\" data-id=\"41caf59c\" data-element_type=\"widget\" data-widget_type=\"heading.default\">\n\t\t\t\t<div class=\"elementor-widget-container\">\n\t\t\t<h2 class=\"elementor-heading-title elementor-size-default\">Skaner KRS<\/h2>\t\t<\/div>\n\t\t\t\t<\/div>\n\t\t\t\t<div class=\"elementor-element elementor-element-26402f83 elementor-widget elementor-widget-text-editor\" data-id=\"26402f83\" data-element_type=\"widget\" data-widget_type=\"text-editor.default\">\n\t\t\t\t<div class=\"elementor-widget-container\">\n\t\t\t\t\t\t\t<p>System zawiera kompletne dane finansowe wraz z notami oraz informacje korporacyjne wszystkich jednostek zarejestrowanych w KRS. Dost\u0119pne s\u0105 sprawozdania finansowe wraz z powi\u0105zaniami kapita\u0142owymi oraz dokumentami korporacyjnymi.<\/p>\t\t\t\t\t\t<\/div>\n\t\t\t\t<\/div>\n\t\t\t\t<\/div>\n\t\t\t\t<div class=\"elementor-element elementor-element-20978b93 elementor-widget elementor-widget-image\" data-id=\"20978b93\" data-element_type=\"widget\" data-widget_type=\"image.default\">\n\t\t\t\t<div class=\"elementor-widget-container\">\n\t\t\t\t\t\t\t\t\t\t\t\t\t<img decoding=\"async\" width=\"800\" height=\"510\" src=\"https:\/\/ir.notoria.pl\/wp-content\/uploads\/2024\/10\/kafelek_piaty_gotowy_gotowy-1024x653.png\" class=\"attachment-large size-large wp-image-213\" alt=\"\" srcset=\"https:\/\/ir.notoria.pl\/wp-content\/uploads\/2024\/10\/kafelek_piaty_gotowy_gotowy-1024x653.png 1024w, https:\/\/ir.notoria.pl\/wp-content\/uploads\/2024\/10\/kafelek_piaty_gotowy_gotowy-300x191.png 300w, https:\/\/ir.notoria.pl\/wp-content\/uploads\/2024\/10\/kafelek_piaty_gotowy_gotowy-768x490.png 768w, https:\/\/ir.notoria.pl\/wp-content\/uploads\/2024\/10\/kafelek_piaty_gotowy_gotowy.png 1502w\" sizes=\"(max-width: 800px) 100vw, 800px\" \/>\t\t\t\t\t\t\t\t\t\t\t\t\t<\/div>\n\t\t\t\t<\/div>\n\t\t\t\t<\/div>\n\t\t<div class=\"elementor-element elementor-element-bdd1897 e-con-full e-flex e-con e-child\" data-id=\"bdd1897\" data-element_type=\"container\">\n\t\t\t\t<div class=\"elementor-element elementor-element-df77e9f elementor-widget elementor-widget-heading\" data-id=\"df77e9f\" data-element_type=\"widget\" data-widget_type=\"heading.default\">\n\t\t\t\t<div class=\"elementor-widget-container\">\n\t\t\t<h2 class=\"elementor-heading-title elementor-size-default\">Zakres danych i funkcjonalno\u015bci:<\/h2>\t\t<\/div>\n\t\t\t\t<\/div>\n\t\t<div class=\"elementor-element elementor-element-421a9c7 e-con-full e-grid e-con e-child\" data-id=\"421a9c7\" data-element_type=\"container\" data-settings=\"{&quot;background_background&quot;:&quot;classic&quot;}\">\n\t\t<div class=\"elementor-element elementor-element-70e1098 e-con-full e-flex e-con e-child\" data-id=\"70e1098\" data-element_type=\"container\">\n\t\t<div class=\"elementor-element elementor-element-8ffcbd7 e-con-full e-flex e-con e-child\" data-id=\"8ffcbd7\" data-element_type=\"container\">\n\t\t<div class=\"elementor-element elementor-element-341bcf9 e-con-full e-flex e-con e-child\" data-id=\"341bcf9\" data-element_type=\"container\">\n\t\t\t\t<div class=\"elementor-element elementor-element-0f7be76 elementor-view-default elementor-widget elementor-widget-icon\" data-id=\"0f7be76\" data-element_type=\"widget\" data-widget_type=\"icon.default\">\n\t\t\t\t<div class=\"elementor-widget-container\">\n\t\t\t\t\t<div class=\"elementor-icon-wrapper\">\n\t\t\t<div class=\"elementor-icon\">\n\t\t\t<svg xmlns=\"http:\/\/www.w3.org\/2000\/svg\" width=\"20\" height=\"20\" viewBox=\"0 0 20 20\" fill=\"none\"><rect width=\"20\" height=\"20\" fill=\"#E30715\"><\/rect><path d=\"M4.16669 9.58329L8.83335 13.75L15.8334 5.41663\" stroke=\"white\" stroke-width=\"2.5\"><\/path><\/svg>\t\t\t<\/div>\n\t\t<\/div>\n\t\t\t\t<\/div>\n\t\t\t\t<\/div>\n\t\t\t\t<div class=\"elementor-element elementor-element-2a04d62 elementor-widget__width-inherit elementor-widget elementor-widget-heading\" data-id=\"2a04d62\" data-element_type=\"widget\" data-widget_type=\"heading.default\">\n\t\t\t\t<div class=\"elementor-widget-container\">\n\t\t\t<h2 class=\"elementor-heading-title elementor-size-default\">Sprawozdania finansowe<\/h2>\t\t<\/div>\n\t\t\t\t<\/div>\n\t\t\t\t<\/div>\n\t\t\t\t<div class=\"elementor-element elementor-element-eef92d9 elementor-widget elementor-widget-text-editor\" data-id=\"eef92d9\" data-element_type=\"widget\" data-widget_type=\"text-editor.default\">\n\t\t\t\t<div class=\"elementor-widget-container\">\n\t\t\t\t\t\t\t<p>\u2022 Ujednolicony format Notoria<br \/>\u2022 Wszystkie standardy raportowania: UoR, MSR\/MSSF<br \/>\u2022 Informacje dodatkowe<br \/>\u2022 Struktura zatrudnienia<\/p>\t\t\t\t\t\t<\/div>\n\t\t\t\t<\/div>\n\t\t\t\t<\/div>\n\t\t<div class=\"elementor-element elementor-element-4382b63 e-con-full e-flex e-con e-child\" data-id=\"4382b63\" data-element_type=\"container\">\n\t\t<div class=\"elementor-element elementor-element-7dc6d82 e-con-full e-flex e-con e-child\" data-id=\"7dc6d82\" data-element_type=\"container\">\n\t\t\t\t<div class=\"elementor-element elementor-element-bb4bcf0 elementor-view-default elementor-widget elementor-widget-icon\" data-id=\"bb4bcf0\" data-element_type=\"widget\" data-widget_type=\"icon.default\">\n\t\t\t\t<div class=\"elementor-widget-container\">\n\t\t\t\t\t<div class=\"elementor-icon-wrapper\">\n\t\t\t<div class=\"elementor-icon\">\n\t\t\t<svg xmlns=\"http:\/\/www.w3.org\/2000\/svg\" width=\"20\" height=\"20\" viewBox=\"0 0 20 20\" fill=\"none\"><rect width=\"20\" height=\"20\" fill=\"#E30715\"><\/rect><path d=\"M4.16669 9.58329L8.83335 13.75L15.8334 5.41663\" stroke=\"white\" stroke-width=\"2.5\"><\/path><\/svg>\t\t\t<\/div>\n\t\t<\/div>\n\t\t\t\t<\/div>\n\t\t\t\t<\/div>\n\t\t\t\t<div class=\"elementor-element elementor-element-8be3c69 elementor-widget__width-inherit elementor-widget elementor-widget-heading\" data-id=\"8be3c69\" data-element_type=\"widget\" data-widget_type=\"heading.default\">\n\t\t\t\t<div class=\"elementor-widget-container\">\n\t\t\t<h2 class=\"elementor-heading-title elementor-size-default\">Dane korporacyjne<\/h2>\t\t<\/div>\n\t\t\t\t<\/div>\n\t\t\t\t<\/div>\n\t\t\t\t<div class=\"elementor-element elementor-element-13a11c4 elementor-widget elementor-widget-text-editor\" data-id=\"13a11c4\" data-element_type=\"widget\" data-widget_type=\"text-editor.default\">\n\t\t\t\t<div class=\"elementor-widget-container\">\n\t\t\t\t\t\t\t<p>\u2022 Powi\u0105zania kapita\u0142owe i osobowe<br \/>\u2022 Fuzje i przej\u0119cia<br \/>\u2022 Przekszta\u0142cenia podmiot\u00f3w<\/p>\t\t\t\t\t\t<\/div>\n\t\t\t\t<\/div>\n\t\t\t\t<\/div>\n\t\t\t\t<\/div>\n\t\t<div class=\"elementor-element elementor-element-70d1ad6 e-con-full e-flex e-con e-child\" data-id=\"70d1ad6\" data-element_type=\"container\">\n\t\t<div class=\"elementor-element elementor-element-083f1b5 e-con-full e-flex e-con e-child\" data-id=\"083f1b5\" data-element_type=\"container\">\n\t\t<div class=\"elementor-element elementor-element-37efdf1 e-con-full e-flex e-con e-child\" data-id=\"37efdf1\" data-element_type=\"container\">\n\t\t\t\t<div class=\"elementor-element elementor-element-e1cb85b elementor-view-default elementor-widget elementor-widget-icon\" data-id=\"e1cb85b\" data-element_type=\"widget\" data-widget_type=\"icon.default\">\n\t\t\t\t<div class=\"elementor-widget-container\">\n\t\t\t\t\t<div class=\"elementor-icon-wrapper\">\n\t\t\t<div class=\"elementor-icon\">\n\t\t\t<svg xmlns=\"http:\/\/www.w3.org\/2000\/svg\" width=\"20\" height=\"20\" viewBox=\"0 0 20 20\" fill=\"none\"><rect width=\"20\" height=\"20\" fill=\"#E30715\"><\/rect><path d=\"M4.16669 9.58329L8.83335 13.75L15.8334 5.41663\" stroke=\"white\" stroke-width=\"2.5\"><\/path><\/svg>\t\t\t<\/div>\n\t\t<\/div>\n\t\t\t\t<\/div>\n\t\t\t\t<\/div>\n\t\t\t\t<div class=\"elementor-element elementor-element-7ce8d15 elementor-widget__width-inherit elementor-widget elementor-widget-heading\" data-id=\"7ce8d15\" data-element_type=\"widget\" data-widget_type=\"heading.default\">\n\t\t\t\t<div class=\"elementor-widget-container\">\n\t\t\t<h2 class=\"elementor-heading-title elementor-size-default\">Integracje<\/h2>\t\t<\/div>\n\t\t\t\t<\/div>\n\t\t\t\t<\/div>\n\t\t\t\t<div class=\"elementor-element elementor-element-3a1aa74 elementor-widget elementor-widget-text-editor\" data-id=\"3a1aa74\" data-element_type=\"widget\" data-widget_type=\"text-editor.default\">\n\t\t\t\t<div class=\"elementor-widget-container\">\n\t\t\t\t\t\t\t<p>\u2022 Rejestr KRS<br \/>\u2022 Baza TERYT<br \/>\u2022 Klasyfikacja PKD<br \/>\u2022 Rejestr beneficjent\u00f3w rzeczywistych<br \/>\u2022 Rejestr pomocy publicznej (SUDOP)<\/p>\t\t\t\t\t\t<\/div>\n\t\t\t\t<\/div>\n\t\t\t\t<\/div>\n\t\t<div class=\"elementor-element elementor-element-188209f e-con-full e-flex e-con e-child\" data-id=\"188209f\" data-element_type=\"container\">\n\t\t<div class=\"elementor-element elementor-element-02eb5bb e-con-full e-flex e-con e-child\" data-id=\"02eb5bb\" data-element_type=\"container\">\n\t\t\t\t<div class=\"elementor-element elementor-element-6f71a0e elementor-view-default elementor-widget elementor-widget-icon\" data-id=\"6f71a0e\" data-element_type=\"widget\" data-widget_type=\"icon.default\">\n\t\t\t\t<div class=\"elementor-widget-container\">\n\t\t\t\t\t<div class=\"elementor-icon-wrapper\">\n\t\t\t<div class=\"elementor-icon\">\n\t\t\t<svg xmlns=\"http:\/\/www.w3.org\/2000\/svg\" width=\"20\" height=\"20\" viewBox=\"0 0 20 20\" fill=\"none\"><rect width=\"20\" height=\"20\" fill=\"#E30715\"><\/rect><path d=\"M4.16669 9.58329L8.83335 13.75L15.8334 5.41663\" stroke=\"white\" stroke-width=\"2.5\"><\/path><\/svg>\t\t\t<\/div>\n\t\t<\/div>\n\t\t\t\t<\/div>\n\t\t\t\t<\/div>\n\t\t\t\t<div class=\"elementor-element elementor-element-b57723b elementor-widget__width-inherit elementor-widget elementor-widget-heading\" data-id=\"b57723b\" data-element_type=\"widget\" data-widget_type=\"heading.default\">\n\t\t\t\t<div class=\"elementor-widget-container\">\n\t\t\t<h2 class=\"elementor-heading-title elementor-size-default\">Dost\u0119p do danych<\/h2>\t\t<\/div>\n\t\t\t\t<\/div>\n\t\t\t\t<\/div>\n\t\t\t\t<div class=\"elementor-element elementor-element-b062c6d elementor-widget elementor-widget-text-editor\" data-id=\"b062c6d\" data-element_type=\"widget\" data-widget_type=\"text-editor.default\">\n\t\t\t\t<div class=\"elementor-widget-container\">\n\t\t\t\t\t\t\t<p>\u2022 Sp\u00f3jny interfejs u\u017cytkownika<br \/>\u2022 Skaner dokument\u00f3w i elastyczne wyszukiwanie<br \/>\u2022 Skaner dokument\u00f3w finansowych<br \/>\u2022 Zintegrowane API<br \/>\u2022 Jednolity format eksportu danych (xlsx, csv, json)<\/p>\t\t\t\t\t\t<\/div>\n\t\t\t\t<\/div>\n\t\t\t\t<\/div>\n\t\t\t\t<\/div>\n\t\t\t\t<\/div>\n\t\t\t\t<\/div>\n\t\t\t\t\t<\/div>\n\t\t\t\t<\/div>\n\t\t\t\t<\/div>\n\t\t","protected":false},"excerpt":{"rendered":"<p>Skaner KRS System zawiera kompletne dane finansowe wraz z notami oraz informacje korporacyjne wszystkich jednostek zarejestrowanych w KRS. Dost\u0119pne s\u0105 sprawozdania finansowe wraz z powi\u0105zaniami kapita\u0142owymi oraz dokumentami korporacyjnymi. Zakres danych i funkcjonalno\u015bci: Sprawozdania finansowe \u2022 Ujednolicony format Notoria\u2022 Wszystkie standardy raportowania: UoR, MSR\/MSSF\u2022 Informacje dodatkowe\u2022 Struktura zatrudnienia Dane korporacyjne \u2022 Powi\u0105zania kapita\u0142owe i osobowe\u2022 [&hellip;]<\/p>\n","protected":false},"author":11,"featured_media":0,"parent":24,"menu_order":0,"comment_status":"closed","ping_status":"closed","template":"","meta":{"footnotes":""},"class_list":["post-32","page","type-page","status-publish","hentry"],"_links":{"self":[{"href":"https:\/\/ir.notoria.pl\/index.php\/wp-json\/wp\/v2\/pages\/32"}],"collection":[{"href":"https:\/\/ir.notoria.pl\/index.php\/wp-json\/wp\/v2\/pages"}],"about":[{"href":"https:\/\/ir.notoria.pl\/index.php\/wp-json\/wp\/v2\/types\/page"}],"author":[{"embeddable":true,"href":"https:\/\/ir.notoria.pl\/index.php\/wp-json\/wp\/v2\/users\/11"}],"replies":[{"embeddable":true,"href":"https:\/\/ir.notoria.pl\/index.php\/wp-json\/wp\/v2\/comments?post=32"}],"version-history":[{"count":47,"href":"https:\/\/ir.notoria.pl\/index.php\/wp-json\/wp\/v2\/pages\/32\/revisions"}],"predecessor-version":[{"id":1303,"href":"https:\/\/ir.notoria.pl\/index.php\/wp-json\/wp\/v2\/pages\/32\/revisions\/1303"}],"up":[{"embeddable":true,"href":"https:\/\/ir.notoria.pl\/index.php\/wp-json\/wp\/v2\/pages\/24"}],"wp:attachment":[{"href":"https:\/\/ir.notoria.pl\/index.php\/wp-json\/wp\/v2\/media?parent=32"}],"curies":[{"name":"wp","href":"https:\/\/api.w.org\/{rel}","templated":true}]}}