{"id":30,"date":"2024-10-09T17:49:00","date_gmt":"2024-10-09T16:49:00","guid":{"rendered":"https:\/\/irweb.notoria.pl\/wordpress\/?page_id=30"},"modified":"2024-12-09T20:31:46","modified_gmt":"2024-12-09T19:31:46","slug":"notoria-esg","status":"publish","type":"page","link":"https:\/\/ir.notoria.pl\/index.php\/produkty\/notoria-esg\/","title":{"rendered":"Notoria ESG"},"content":{"rendered":"\t\t<div data-elementor-type=\"wp-page\" data-elementor-id=\"30\" class=\"elementor elementor-30\">\n\t\t\t\t<div class=\"elementor-element elementor-element-b4cf9b7 e-flex e-con-boxed e-con e-parent\" data-id=\"b4cf9b7\" data-element_type=\"container\" data-settings=\"{&quot;background_background&quot;:&quot;classic&quot;}\">\n\t\t\t\t\t<div class=\"e-con-inner\">\n\t\t\t\t<div class=\"elementor-element elementor-element-20acac78 elementor-widget elementor-widget-image\" data-id=\"20acac78\" data-element_type=\"widget\" data-widget_type=\"image.default\">\n\t\t\t\t<div class=\"elementor-widget-container\">\n\t\t\t\t\t\t\t\t\t\t\t\t\t<img fetchpriority=\"high\" decoding=\"async\" width=\"800\" height=\"568\" src=\"https:\/\/ir.notoria.pl\/wp-content\/uploads\/2024\/10\/Rectangle-54.svg\" class=\"attachment-large size-large wp-image-280\" alt=\"\" \/>\t\t\t\t\t\t\t\t\t\t\t\t\t<\/div>\n\t\t\t\t<\/div>\n\t\t<div class=\"elementor-element elementor-element-3909fa64 e-con-full e-grid e-con e-child\" data-id=\"3909fa64\" data-element_type=\"container\">\n\t\t<div class=\"elementor-element elementor-element-76e05d96 e-con-full e-flex e-con e-child\" data-id=\"76e05d96\" data-element_type=\"container\">\n\t\t\t\t<div class=\"elementor-element elementor-element-79bf2b97 elementor-widget elementor-widget-heading\" data-id=\"79bf2b97\" data-element_type=\"widget\" data-widget_type=\"heading.default\">\n\t\t\t\t<div class=\"elementor-widget-container\">\n\t\t\t<h2 class=\"elementor-heading-title elementor-size-default\">Notoria ESG<\/h2>\t\t<\/div>\n\t\t\t\t<\/div>\n\t\t\t\t<div class=\"elementor-element elementor-element-2cfd4f01 elementor-widget elementor-widget-text-editor\" data-id=\"2cfd4f01\" data-element_type=\"widget\" data-widget_type=\"text-editor.default\">\n\t\t\t\t<div class=\"elementor-widget-container\">\n\t\t\t\t\t\t\t<p>System zawiera kompleksowe dane ESG (Environmental, Social, Governance) dost\u0119pne w ujednoliconym formacie. Dostarcza informacje zgodne z wymogami regulacyjnymi oraz standardami raportowania. Platforma \u0142\u0105czy dane ESG z baz\u0105 danych finansowych Notoria OnLine oraz Notoria KRS, zapewniaj\u0105c pe\u0142en obraz dzia\u0142alno\u015bci jednostek.<\/p>\t\t\t\t\t\t<\/div>\n\t\t\t\t<\/div>\n\t\t\t\t<\/div>\n\t\t\t\t<div class=\"elementor-element elementor-element-257cdc3a elementor-widget elementor-widget-image\" data-id=\"257cdc3a\" data-element_type=\"widget\" data-widget_type=\"image.default\">\n\t\t\t\t<div class=\"elementor-widget-container\">\n\t\t\t\t\t\t\t\t\t\t\t\t\t<img decoding=\"async\" width=\"800\" height=\"601\" src=\"https:\/\/ir.notoria.pl\/wp-content\/uploads\/2024\/11\/Notoria-ESG-01-1024x769.png\" class=\"attachment-large size-large wp-image-1311\" alt=\"\" srcset=\"https:\/\/ir.notoria.pl\/wp-content\/uploads\/2024\/11\/Notoria-ESG-01-1024x769.png 1024w, https:\/\/ir.notoria.pl\/wp-content\/uploads\/2024\/11\/Notoria-ESG-01-300x225.png 300w, https:\/\/ir.notoria.pl\/wp-content\/uploads\/2024\/11\/Notoria-ESG-01-768x577.png 768w, https:\/\/ir.notoria.pl\/wp-content\/uploads\/2024\/11\/Notoria-ESG-01-1536x1154.png 1536w, https:\/\/ir.notoria.pl\/wp-content\/uploads\/2024\/11\/Notoria-ESG-01.png 1793w\" sizes=\"(max-width: 800px) 100vw, 800px\" \/>\t\t\t\t\t\t\t\t\t\t\t\t\t<\/div>\n\t\t\t\t<\/div>\n\t\t\t\t<\/div>\n\t\t<div class=\"elementor-element elementor-element-62a216da e-con-full e-flex e-con e-child\" data-id=\"62a216da\" data-element_type=\"container\">\n\t\t<div class=\"elementor-element elementor-element-796b7ed3 e-con-full e-grid e-con e-child\" data-id=\"796b7ed3\" data-element_type=\"container\" data-settings=\"{&quot;background_background&quot;:&quot;classic&quot;}\">\n\t\t<div class=\"elementor-element elementor-element-43ef8a5a e-con-full e-flex e-con e-child\" data-id=\"43ef8a5a\" data-element_type=\"container\">\n\t\t<div class=\"elementor-element elementor-element-63b959bd e-con-full e-flex e-con e-child\" data-id=\"63b959bd\" data-element_type=\"container\">\n\t\t<div class=\"elementor-element elementor-element-3e77f7bf e-con-full e-flex e-con e-child\" data-id=\"3e77f7bf\" data-element_type=\"container\">\n\t\t\t\t<div class=\"elementor-element elementor-element-e0ceecd elementor-view-default elementor-widget elementor-widget-icon\" data-id=\"e0ceecd\" data-element_type=\"widget\" data-widget_type=\"icon.default\">\n\t\t\t\t<div class=\"elementor-widget-container\">\n\t\t\t\t\t<div class=\"elementor-icon-wrapper\">\n\t\t\t<div class=\"elementor-icon\">\n\t\t\t<svg xmlns=\"http:\/\/www.w3.org\/2000\/svg\" width=\"20\" height=\"20\" viewBox=\"0 0 20 20\" fill=\"none\"><rect width=\"20\" height=\"20\" fill=\"#E30715\"><\/rect><path d=\"M4.16669 9.58329L8.83335 13.75L15.8334 5.41663\" stroke=\"white\" stroke-width=\"2.5\"><\/path><\/svg>\t\t\t<\/div>\n\t\t<\/div>\n\t\t\t\t<\/div>\n\t\t\t\t<\/div>\n\t\t\t\t<div class=\"elementor-element elementor-element-2723bead elementor-widget__width-inherit elementor-widget elementor-widget-heading\" data-id=\"2723bead\" data-element_type=\"widget\" data-widget_type=\"heading.default\">\n\t\t\t\t<div class=\"elementor-widget-container\">\n\t\t\t<h2 class=\"elementor-heading-title elementor-size-default\">Dane podstawowe<\/h2>\t\t<\/div>\n\t\t\t\t<\/div>\n\t\t\t\t<\/div>\n\t\t\t\t<div class=\"elementor-element elementor-element-665810ac elementor-widget elementor-widget-text-editor\" data-id=\"665810ac\" data-element_type=\"widget\" data-widget_type=\"text-editor.default\">\n\t\t\t\t<div class=\"elementor-widget-container\">\n\t\t\t\t\t\t\t<p>\u2022 Wymogi ujawniania informacji zgodne z ESRS<br \/>\u2022 Taksonomia EU &#8211; zgodno\u015b\u0107 z systematyk\u0105<br \/>\u2022 Weryfikacja poprawno\u015bci i kompletno\u015bci danych<br \/>\u2022 Analiza minimalnych ujawnie\u0144<\/p>\t\t\t\t\t\t<\/div>\n\t\t\t\t<\/div>\n\t\t\t\t<\/div>\n\t\t<div class=\"elementor-element elementor-element-788975e7 e-con-full e-flex e-con e-child\" data-id=\"788975e7\" data-element_type=\"container\">\n\t\t<div class=\"elementor-element elementor-element-3f7a67b e-con-full e-flex e-con e-child\" data-id=\"3f7a67b\" data-element_type=\"container\">\n\t\t<div class=\"elementor-element elementor-element-b4abd2e e-con-full e-flex e-con e-child\" data-id=\"b4abd2e\" data-element_type=\"container\">\n\t\t\t\t<div class=\"elementor-element elementor-element-19fa232 elementor-view-default elementor-widget elementor-widget-icon\" data-id=\"19fa232\" data-element_type=\"widget\" data-widget_type=\"icon.default\">\n\t\t\t\t<div class=\"elementor-widget-container\">\n\t\t\t\t\t<div class=\"elementor-icon-wrapper\">\n\t\t\t<div class=\"elementor-icon\">\n\t\t\t<svg xmlns=\"http:\/\/www.w3.org\/2000\/svg\" width=\"20\" height=\"20\" viewBox=\"0 0 20 20\" fill=\"none\"><rect width=\"20\" height=\"20\" fill=\"#E30715\"><\/rect><path d=\"M4.16669 9.58329L8.83335 13.75L15.8334 5.41663\" stroke=\"white\" stroke-width=\"2.5\"><\/path><\/svg>\t\t\t<\/div>\n\t\t<\/div>\n\t\t\t\t<\/div>\n\t\t\t\t<\/div>\n\t\t\t\t<div class=\"elementor-element elementor-element-975e767 elementor-widget__width-inherit elementor-widget elementor-widget-heading\" data-id=\"975e767\" data-element_type=\"widget\" data-widget_type=\"heading.default\">\n\t\t\t\t<div class=\"elementor-widget-container\">\n\t\t\t<h2 class=\"elementor-heading-title elementor-size-default\">Wska\u017aniki \u015brodowiskowe (E)<\/h2>\t\t<\/div>\n\t\t\t\t<\/div>\n\t\t\t\t<\/div>\n\t\t\t\t<div class=\"elementor-element elementor-element-5f98d7a elementor-widget elementor-widget-text-editor\" data-id=\"5f98d7a\" data-element_type=\"widget\" data-widget_type=\"text-editor.default\">\n\t\t\t\t<div class=\"elementor-widget-container\">\n\t\t\t\t\t\t\t<p>\u2022 Emisje gaz\u00f3w cieplarnianych (zakresy 1, 2, 3)<br \/>\u2022 \u015alad w\u0119glowy i intensywno\u015b\u0107 emisji<br \/>\u2022 Zu\u017cycie energii i udzia\u0142 energii odnawialnej<br \/>\u2022 Gospodarka odpadami i recykling<\/p>\t\t\t\t\t\t<\/div>\n\t\t\t\t<\/div>\n\t\t\t\t<\/div>\n\t\t\t\t<\/div>\n\t\t<div class=\"elementor-element elementor-element-9a7ca13 e-con-full e-flex e-con e-child\" data-id=\"9a7ca13\" data-element_type=\"container\">\n\t\t<div class=\"elementor-element elementor-element-f6a4dcb e-con-full e-flex e-con e-child\" data-id=\"f6a4dcb\" data-element_type=\"container\">\n\t\t\t\t<div class=\"elementor-element elementor-element-18cbaae elementor-view-default elementor-widget elementor-widget-icon\" data-id=\"18cbaae\" data-element_type=\"widget\" data-widget_type=\"icon.default\">\n\t\t\t\t<div class=\"elementor-widget-container\">\n\t\t\t\t\t<div class=\"elementor-icon-wrapper\">\n\t\t\t<div class=\"elementor-icon\">\n\t\t\t<svg xmlns=\"http:\/\/www.w3.org\/2000\/svg\" width=\"20\" height=\"20\" viewBox=\"0 0 20 20\" fill=\"none\"><rect width=\"20\" height=\"20\" fill=\"#E30715\"><\/rect><path d=\"M4.16669 9.58329L8.83335 13.75L15.8334 5.41663\" stroke=\"white\" stroke-width=\"2.5\"><\/path><\/svg>\t\t\t<\/div>\n\t\t<\/div>\n\t\t\t\t<\/div>\n\t\t\t\t<\/div>\n\t\t\t\t<div class=\"elementor-element elementor-element-33d01db elementor-widget__width-inherit elementor-widget elementor-widget-heading\" data-id=\"33d01db\" data-element_type=\"widget\" data-widget_type=\"heading.default\">\n\t\t\t\t<div class=\"elementor-widget-container\">\n\t\t\t<h2 class=\"elementor-heading-title elementor-size-default\">Wska\u017aniki spo\u0142eczne i zarz\u0105dcze (S, G)<\/h2>\t\t<\/div>\n\t\t\t\t<\/div>\n\t\t\t\t<\/div>\n\t\t\t\t<div class=\"elementor-element elementor-element-2218e81 elementor-widget elementor-widget-text-editor\" data-id=\"2218e81\" data-element_type=\"widget\" data-widget_type=\"text-editor.default\">\n\t\t\t\t<div class=\"elementor-widget-container\">\n\t\t\t\t\t\t\t<p>\u2022 Struktura zatrudnienia i polityka pracownicza<br \/>\u2022 Polityka r\u00f3\u017cnorodno\u015bci<br \/>\u2022 Prawa cz\u0142owieka i kwestie etyczne<br \/>\u2022 Bezpiecze\u0144stwo i higiena pracy<\/p>\t\t\t\t\t\t<\/div>\n\t\t\t\t<\/div>\n\t\t\t\t<\/div>\n\t\t\t\t<\/div>\n\t\t<div class=\"elementor-element elementor-element-11a9ae23 e-con-full e-flex e-con e-child\" data-id=\"11a9ae23\" data-element_type=\"container\">\n\t\t<div class=\"elementor-element elementor-element-2e8f563 e-con-full e-flex e-con e-child\" data-id=\"2e8f563\" data-element_type=\"container\">\n\t\t<div class=\"elementor-element elementor-element-2defafa e-con-full e-flex e-con e-child\" data-id=\"2defafa\" data-element_type=\"container\">\n\t\t\t\t<div class=\"elementor-element elementor-element-055ffac elementor-view-default elementor-widget elementor-widget-icon\" data-id=\"055ffac\" data-element_type=\"widget\" data-widget_type=\"icon.default\">\n\t\t\t\t<div class=\"elementor-widget-container\">\n\t\t\t\t\t<div class=\"elementor-icon-wrapper\">\n\t\t\t<div class=\"elementor-icon\">\n\t\t\t<svg xmlns=\"http:\/\/www.w3.org\/2000\/svg\" width=\"20\" height=\"20\" viewBox=\"0 0 20 20\" fill=\"none\"><rect width=\"20\" height=\"20\" fill=\"#E30715\"><\/rect><path d=\"M4.16669 9.58329L8.83335 13.75L15.8334 5.41663\" stroke=\"white\" stroke-width=\"2.5\"><\/path><\/svg>\t\t\t<\/div>\n\t\t<\/div>\n\t\t\t\t<\/div>\n\t\t\t\t<\/div>\n\t\t\t\t<div class=\"elementor-element elementor-element-6ca4548 elementor-widget__width-inherit elementor-widget elementor-widget-heading\" data-id=\"6ca4548\" data-element_type=\"widget\" data-widget_type=\"heading.default\">\n\t\t\t\t<div class=\"elementor-widget-container\">\n\t\t\t<h2 class=\"elementor-heading-title elementor-size-default\">Raportowanie regulacyjne<\/h2>\t\t<\/div>\n\t\t\t\t<\/div>\n\t\t\t\t<\/div>\n\t\t\t\t<div class=\"elementor-element elementor-element-618f601 elementor-widget elementor-widget-text-editor\" data-id=\"618f601\" data-element_type=\"widget\" data-widget_type=\"text-editor.default\">\n\t\t\t\t<div class=\"elementor-widget-container\">\n\t\t\t\t\t\t\t<p>\u2022 Wymogi RTS dla uczestnik\u00f3w rynku finansowego<br \/>\u2022 Wymogi ITS dla instytucji kredytowych<br \/>\u2022 Wska\u017aniki obligatoryjne i fakultatywne<br \/>\u2022 Kalkulacja wska\u017anik\u00f3w zgodnie z metodologi\u0105<br \/>\u2022 Ocena ryzyka inwestycyjnego<br \/>\u2022 Strategie zr\u00f3wnowa\u017conego rozwoju<br \/>\u2022 Modelowanie scenariuszowe<\/p>\t\t\t\t\t\t<\/div>\n\t\t\t\t<\/div>\n\t\t\t\t<\/div>\n\t\t<div class=\"elementor-element elementor-element-f4374db e-con-full e-flex e-con e-child\" data-id=\"f4374db\" data-element_type=\"container\">\n\t\t<div class=\"elementor-element elementor-element-c3c3f00 e-con-full e-flex e-con e-child\" data-id=\"c3c3f00\" data-element_type=\"container\">\n\t\t\t\t<div class=\"elementor-element elementor-element-f0b54f8 elementor-view-default elementor-widget elementor-widget-icon\" data-id=\"f0b54f8\" data-element_type=\"widget\" data-widget_type=\"icon.default\">\n\t\t\t\t<div class=\"elementor-widget-container\">\n\t\t\t\t\t<div class=\"elementor-icon-wrapper\">\n\t\t\t<div class=\"elementor-icon\">\n\t\t\t<svg xmlns=\"http:\/\/www.w3.org\/2000\/svg\" width=\"20\" height=\"20\" viewBox=\"0 0 20 20\" fill=\"none\"><rect width=\"20\" height=\"20\" fill=\"#E30715\"><\/rect><path d=\"M4.16669 9.58329L8.83335 13.75L15.8334 5.41663\" stroke=\"white\" stroke-width=\"2.5\"><\/path><\/svg>\t\t\t<\/div>\n\t\t<\/div>\n\t\t\t\t<\/div>\n\t\t\t\t<\/div>\n\t\t\t\t<div class=\"elementor-element elementor-element-ea9bb7b elementor-widget__width-inherit elementor-widget elementor-widget-heading\" data-id=\"ea9bb7b\" data-element_type=\"widget\" data-widget_type=\"heading.default\">\n\t\t\t\t<div class=\"elementor-widget-container\">\n\t\t\t<h2 class=\"elementor-heading-title elementor-size-default\">Ratingi i oceny cz\u0105stkowe<\/h2>\t\t<\/div>\n\t\t\t\t<\/div>\n\t\t\t\t<\/div>\n\t\t\t\t<div class=\"elementor-element elementor-element-da643f8 elementor-widget elementor-widget-text-editor\" data-id=\"da643f8\" data-element_type=\"widget\" data-widget_type=\"text-editor.default\">\n\t\t\t\t<div class=\"elementor-widget-container\">\n\t\t\t\t\t\t\t<p>\u2022 Analiza \u015bcie\u017cek dekarbonizacyjnych<br \/>\u2022 Rating temperatury (ITR)<br \/>\u2022 Scoring punktowy<br \/>\u2022 Por\u00f3wnanie z najlepszymi praktykami rynkowymi<br \/>\u2022 Benchmarking sektorowy<br \/>\u2022 Analiza trend\u00f3w w czasie<br \/>\u2022 Ocena efektywno\u015bci dzia\u0142a\u0144 ESG<br \/>\u2022 Wp\u0142yw dzia\u0142a\u0144 ESG na wyniki finansowe<\/p>\t\t\t\t\t\t<\/div>\n\t\t\t\t<\/div>\n\t\t\t\t<\/div>\n\t\t<div class=\"elementor-element elementor-element-5d63e2c8 e-con-full e-flex e-con e-child\" data-id=\"5d63e2c8\" data-element_type=\"container\">\n\t\t<div class=\"elementor-element elementor-element-ae4abef e-con-full e-flex e-con e-child\" data-id=\"ae4abef\" data-element_type=\"container\">\n\t\t\t\t<div class=\"elementor-element elementor-element-1f57705b elementor-view-default elementor-widget elementor-widget-icon\" data-id=\"1f57705b\" data-element_type=\"widget\" data-widget_type=\"icon.default\">\n\t\t\t\t<div class=\"elementor-widget-container\">\n\t\t\t\t\t<div class=\"elementor-icon-wrapper\">\n\t\t\t<div class=\"elementor-icon\">\n\t\t\t<svg xmlns=\"http:\/\/www.w3.org\/2000\/svg\" width=\"20\" height=\"20\" viewBox=\"0 0 20 20\" fill=\"none\"><rect width=\"20\" height=\"20\" fill=\"#E30715\"><\/rect><path d=\"M4.16669 9.58329L8.83335 13.75L15.8334 5.41663\" stroke=\"white\" stroke-width=\"2.5\"><\/path><\/svg>\t\t\t<\/div>\n\t\t<\/div>\n\t\t\t\t<\/div>\n\t\t\t\t<\/div>\n\t\t\t\t<div class=\"elementor-element elementor-element-30e79c05 elementor-widget__width-inherit elementor-widget elementor-widget-heading\" data-id=\"30e79c05\" data-element_type=\"widget\" data-widget_type=\"heading.default\">\n\t\t\t\t<div class=\"elementor-widget-container\">\n\t\t\t<h2 class=\"elementor-heading-title elementor-size-default\">Dost\u0119p do danych<\/h2>\t\t<\/div>\n\t\t\t\t<\/div>\n\t\t\t\t<\/div>\n\t\t\t\t<div class=\"elementor-element elementor-element-4fc9f5ab elementor-widget elementor-widget-text-editor\" data-id=\"4fc9f5ab\" data-element_type=\"widget\" data-widget_type=\"text-editor.default\">\n\t\t\t\t<div class=\"elementor-widget-container\">\n\t\t\t\t\t\t\t<p>\u2022 Sp\u00f3jny interfejs u\u017cytkownika<br \/>\u2022 Skaner dokument\u00f3w i elastyczne wyszukiwanie<br \/>\u2022 Zintegrowane API <br \/>\u2022 Jednolity format eksportu danych (xlsx, csv, json)<\/p>\t\t\t\t\t\t<\/div>\n\t\t\t\t<\/div>\n\t\t\t\t<\/div>\n\t\t\t\t<\/div>\n\t\t\t\t<\/div>\n\t\t\t\t<\/div>\n\t\t\t\t\t<\/div>\n\t\t\t\t<\/div>\n\t\t\t\t<\/div>\n\t\t","protected":false},"excerpt":{"rendered":"<p>Notoria ESG System zawiera kompleksowe dane ESG (Environmental, Social, Governance) dost\u0119pne w ujednoliconym formacie. Dostarcza informacje zgodne z wymogami regulacyjnymi oraz standardami raportowania. Platforma \u0142\u0105czy dane ESG z baz\u0105 danych finansowych Notoria OnLine oraz Notoria KRS, zapewniaj\u0105c pe\u0142en obraz dzia\u0142alno\u015bci jednostek. Dane podstawowe \u2022 Wymogi ujawniania informacji zgodne z ESRS\u2022 Taksonomia EU &#8211; zgodno\u015b\u0107 z [&hellip;]<\/p>\n","protected":false},"author":11,"featured_media":0,"parent":24,"menu_order":0,"comment_status":"closed","ping_status":"closed","template":"","meta":{"footnotes":""},"class_list":["post-30","page","type-page","status-publish","hentry"],"_links":{"self":[{"href":"https:\/\/ir.notoria.pl\/index.php\/wp-json\/wp\/v2\/pages\/30"}],"collection":[{"href":"https:\/\/ir.notoria.pl\/index.php\/wp-json\/wp\/v2\/pages"}],"about":[{"href":"https:\/\/ir.notoria.pl\/index.php\/wp-json\/wp\/v2\/types\/page"}],"author":[{"embeddable":true,"href":"https:\/\/ir.notoria.pl\/index.php\/wp-json\/wp\/v2\/users\/11"}],"replies":[{"embeddable":true,"href":"https:\/\/ir.notoria.pl\/index.php\/wp-json\/wp\/v2\/comments?post=30"}],"version-history":[{"count":26,"href":"https:\/\/ir.notoria.pl\/index.php\/wp-json\/wp\/v2\/pages\/30\/revisions"}],"predecessor-version":[{"id":1722,"href":"https:\/\/ir.notoria.pl\/index.php\/wp-json\/wp\/v2\/pages\/30\/revisions\/1722"}],"up":[{"embeddable":true,"href":"https:\/\/ir.notoria.pl\/index.php\/wp-json\/wp\/v2\/pages\/24"}],"wp:attachment":[{"href":"https:\/\/ir.notoria.pl\/index.php\/wp-json\/wp\/v2\/media?parent=30"}],"curies":[{"name":"wp","href":"https:\/\/api.w.org\/{rel}","templated":true}]}}