{"id":28,"date":"2024-10-09T17:49:05","date_gmt":"2024-10-09T16:49:05","guid":{"rendered":"https:\/\/irweb.notoria.pl\/wordpress\/?page_id=28"},"modified":"2024-11-30T20:00:29","modified_gmt":"2024-11-30T19:00:29","slug":"equity-rt-2","status":"publish","type":"page","link":"https:\/\/ir.notoria.pl\/index.php\/produkty\/equity-rt-2\/","title":{"rendered":"Equity RT"},"content":{"rendered":"\t\t<div data-elementor-type=\"wp-page\" data-elementor-id=\"28\" class=\"elementor elementor-28\">\n\t\t\t\t<div class=\"elementor-element elementor-element-6aad7f4f e-flex e-con-boxed e-con e-parent\" data-id=\"6aad7f4f\" data-element_type=\"container\" data-settings=\"{&quot;background_background&quot;:&quot;classic&quot;}\">\n\t\t\t\t\t<div class=\"e-con-inner\">\n\t\t\t\t<div class=\"elementor-element elementor-element-2eff6115 elementor-widget elementor-widget-image\" data-id=\"2eff6115\" data-element_type=\"widget\" data-widget_type=\"image.default\">\n\t\t\t\t<div class=\"elementor-widget-container\">\n\t\t\t\t\t\t\t\t\t\t\t\t\t<img fetchpriority=\"high\" decoding=\"async\" width=\"800\" height=\"568\" src=\"https:\/\/ir.notoria.pl\/wp-content\/uploads\/2024\/10\/Rectangle-54.svg\" class=\"attachment-large size-large wp-image-280\" alt=\"\" \/>\t\t\t\t\t\t\t\t\t\t\t\t\t<\/div>\n\t\t\t\t<\/div>\n\t\t<div class=\"elementor-element elementor-element-776f6a e-con-full e-grid e-con e-child\" data-id=\"776f6a\" data-element_type=\"container\">\n\t\t<div class=\"elementor-element elementor-element-37d572e1 e-con-full e-flex e-con e-child\" data-id=\"37d572e1\" data-element_type=\"container\">\n\t\t\t\t<div class=\"elementor-element elementor-element-370a3568 elementor-widget elementor-widget-heading\" data-id=\"370a3568\" data-element_type=\"widget\" data-widget_type=\"heading.default\">\n\t\t\t\t<div class=\"elementor-widget-container\">\n\t\t\t<h2 class=\"elementor-heading-title elementor-size-default\">EquityRT<\/h2>\t\t<\/div>\n\t\t\t\t<\/div>\n\t\t\t\t<div class=\"elementor-element elementor-element-4f8fd398 elementor-widget elementor-widget-text-editor\" data-id=\"4f8fd398\" data-element_type=\"widget\" data-widget_type=\"text-editor.default\">\n\t\t\t\t<div class=\"elementor-widget-container\">\n\t\t\t\t\t\t\t<p>EquityRT dostarcza informacje o sp\u00f3\u0142kach i papierach warto\u015bciowych z 127 globalnych gie\u0142d w ponad 100 krajach. System oferuje kompleksowe dane finansowe i korporacyjne. Platforma oferuje profesjonalne narz\u0119dzia do analizy rynk\u00f3w finansowych.<\/p>\t\t\t\t\t\t<\/div>\n\t\t\t\t<\/div>\n\t\t\t\t<div class=\"elementor-element elementor-element-2b34fecb elementor-widget elementor-widget-elementskit-button\" data-id=\"2b34fecb\" data-element_type=\"widget\" data-widget_type=\"elementskit-button.default\">\n\t\t\t\t<div class=\"elementor-widget-container\">\n\t\t\t<div class=\"ekit-wid-con\" >\t\t<div class=\"ekit-btn-wraper\">\n\t\t\t\t\t\t\t<a href=\"http:\/\/www.equityrt.com\/\" class=\"elementskit-btn  whitespace--normal\" id=\"\">\n\t\t\t\t\tprzejd\u017a do serwisu equity\t\t\t\t<\/a>\n\t\t\t\t\t<\/div>\n        <\/div>\t\t<\/div>\n\t\t\t\t<\/div>\n\t\t\t\t<\/div>\n\t\t\t\t<div class=\"elementor-element elementor-element-6a579eb7 elementor-widget elementor-widget-image\" data-id=\"6a579eb7\" data-element_type=\"widget\" data-widget_type=\"image.default\">\n\t\t\t\t<div class=\"elementor-widget-container\">\n\t\t\t\t\t\t\t\t\t\t\t\t\t<img decoding=\"async\" width=\"647\" height=\"514\" src=\"https:\/\/ir.notoria.pl\/wp-content\/uploads\/2024\/10\/Equity-RT.png\" class=\"attachment-large size-large wp-image-161\" alt=\"\" srcset=\"https:\/\/ir.notoria.pl\/wp-content\/uploads\/2024\/10\/Equity-RT.png 647w, https:\/\/ir.notoria.pl\/wp-content\/uploads\/2024\/10\/Equity-RT-300x238.png 300w\" sizes=\"(max-width: 647px) 100vw, 647px\" \/>\t\t\t\t\t\t\t\t\t\t\t\t\t<\/div>\n\t\t\t\t<\/div>\n\t\t\t\t<\/div>\n\t\t<div class=\"elementor-element elementor-element-4d5e4915 e-con-full e-flex e-con e-child\" data-id=\"4d5e4915\" data-element_type=\"container\">\n\t\t\t\t<div class=\"elementor-element elementor-element-21580b86 elementor-widget elementor-widget-heading\" data-id=\"21580b86\" data-element_type=\"widget\" data-widget_type=\"heading.default\">\n\t\t\t\t<div class=\"elementor-widget-container\">\n\t\t\t<h2 class=\"elementor-heading-title elementor-size-default\">Serwis EquityRT posiada nast\u0119puj\u0105ce funkcjonalno\u015bci:<\/h2>\t\t<\/div>\n\t\t\t\t<\/div>\n\t\t<div class=\"elementor-element elementor-element-71c72a88 e-con-full e-grid e-con e-child\" data-id=\"71c72a88\" data-element_type=\"container\" data-settings=\"{&quot;background_background&quot;:&quot;classic&quot;}\">\n\t\t<div class=\"elementor-element elementor-element-974187d e-con-full e-flex e-con e-child\" data-id=\"974187d\" data-element_type=\"container\">\n\t\t<div class=\"elementor-element elementor-element-e91d76a e-con-full e-flex e-con e-child\" data-id=\"e91d76a\" data-element_type=\"container\">\n\t\t<div class=\"elementor-element elementor-element-d19ffec e-con-full e-flex e-con e-child\" data-id=\"d19ffec\" data-element_type=\"container\">\n\t\t\t\t<div class=\"elementor-element elementor-element-791c5c8 elementor-view-default elementor-widget elementor-widget-icon\" data-id=\"791c5c8\" data-element_type=\"widget\" data-widget_type=\"icon.default\">\n\t\t\t\t<div class=\"elementor-widget-container\">\n\t\t\t\t\t<div class=\"elementor-icon-wrapper\">\n\t\t\t<div class=\"elementor-icon\">\n\t\t\t<svg xmlns=\"http:\/\/www.w3.org\/2000\/svg\" width=\"20\" height=\"20\" viewBox=\"0 0 20 20\" fill=\"none\"><rect width=\"20\" height=\"20\" fill=\"#E30715\"><\/rect><path d=\"M4.16669 9.58329L8.83335 13.75L15.8334 5.41663\" stroke=\"white\" stroke-width=\"2.5\"><\/path><\/svg>\t\t\t<\/div>\n\t\t<\/div>\n\t\t\t\t<\/div>\n\t\t\t\t<\/div>\n\t\t\t\t<div class=\"elementor-element elementor-element-ca308cc elementor-widget__width-inherit elementor-widget elementor-widget-heading\" data-id=\"ca308cc\" data-element_type=\"widget\" data-widget_type=\"heading.default\">\n\t\t\t\t<div class=\"elementor-widget-container\">\n\t\t\t<h2 class=\"elementor-heading-title elementor-size-default\">Funkcjonalno\u015bci<\/h2>\t\t<\/div>\n\t\t\t\t<\/div>\n\t\t\t\t<\/div>\n\t\t\t\t<div class=\"elementor-element elementor-element-fe0c929 elementor-widget elementor-widget-text-editor\" data-id=\"fe0c929\" data-element_type=\"widget\" data-widget_type=\"text-editor.default\">\n\t\t\t\t<div class=\"elementor-widget-container\">\n\t\t\t\t\t\t\t<p>\u2022 Analiza fundamentalna sp\u00f3\u0142ek<br \/>\u2022 Analiza sektorowa sp\u00f3\u0142ek<br \/>\u2022 Skanery akcji<br \/>\u2022 Rozbudowane narz\u0119dzia wizualizacji danych<br \/>\u2022 Integracja z Microsoft Excel<br \/>\u2022 Mo\u017cliwo\u015b\u0107 tworzenia w\u0142asnych funkcji<\/p>\t\t\t\t\t\t<\/div>\n\t\t\t\t<\/div>\n\t\t\t\t<\/div>\n\t\t<div class=\"elementor-element elementor-element-cee8c51 e-con-full e-flex e-con e-child\" data-id=\"cee8c51\" data-element_type=\"container\">\n\t\t<div class=\"elementor-element elementor-element-c8c4d2c e-con-full e-flex e-con e-child\" data-id=\"c8c4d2c\" data-element_type=\"container\">\n\t\t\t\t<div class=\"elementor-element elementor-element-3e537e7 elementor-view-default elementor-widget elementor-widget-icon\" data-id=\"3e537e7\" data-element_type=\"widget\" data-widget_type=\"icon.default\">\n\t\t\t\t<div class=\"elementor-widget-container\">\n\t\t\t\t\t<div class=\"elementor-icon-wrapper\">\n\t\t\t<div class=\"elementor-icon\">\n\t\t\t<svg xmlns=\"http:\/\/www.w3.org\/2000\/svg\" width=\"20\" height=\"20\" viewBox=\"0 0 20 20\" fill=\"none\"><rect width=\"20\" height=\"20\" fill=\"#E30715\"><\/rect><path d=\"M4.16669 9.58329L8.83335 13.75L15.8334 5.41663\" stroke=\"white\" stroke-width=\"2.5\"><\/path><\/svg>\t\t\t<\/div>\n\t\t<\/div>\n\t\t\t\t<\/div>\n\t\t\t\t<\/div>\n\t\t\t\t<div class=\"elementor-element elementor-element-4102dd6 elementor-widget__width-inherit elementor-widget elementor-widget-heading\" data-id=\"4102dd6\" data-element_type=\"widget\" data-widget_type=\"heading.default\">\n\t\t\t\t<div class=\"elementor-widget-container\">\n\t\t\t<h2 class=\"elementor-heading-title elementor-size-default\">Sprawozdawczo\u015b\u0107 Finansowa<\/h2>\t\t<\/div>\n\t\t\t\t<\/div>\n\t\t\t\t<\/div>\n\t\t\t\t<div class=\"elementor-element elementor-element-1d984ec elementor-widget elementor-widget-text-editor\" data-id=\"1d984ec\" data-element_type=\"widget\" data-widget_type=\"text-editor.default\">\n\t\t\t\t<div class=\"elementor-widget-container\">\n\t\t\t\t\t\t\t<p>\u2022 Zestandaryzowane sprawozdania finansowe<br \/>\u2022 Raporty okresowe (kwartalne, p\u00f3\u0142roczne, roczne)<br \/>\u2022 Rekomendacje i estymaty<br \/>\u2022 Wska\u017aniki rynkowe i finansowe<br \/>\u2022 Kalkulator wska\u017anik\u00f3w<\/p>\t\t\t\t\t\t<\/div>\n\t\t\t\t<\/div>\n\t\t\t\t<\/div>\n\t\t<div class=\"elementor-element elementor-element-78a55bd e-con-full e-flex e-con e-child\" data-id=\"78a55bd\" data-element_type=\"container\">\n\t\t<div class=\"elementor-element elementor-element-081716e e-con-full e-flex e-con e-child\" data-id=\"081716e\" data-element_type=\"container\">\n\t\t\t\t<div class=\"elementor-element elementor-element-9b54d5d elementor-view-default elementor-widget elementor-widget-icon\" data-id=\"9b54d5d\" data-element_type=\"widget\" data-widget_type=\"icon.default\">\n\t\t\t\t<div class=\"elementor-widget-container\">\n\t\t\t\t\t<div class=\"elementor-icon-wrapper\">\n\t\t\t<div class=\"elementor-icon\">\n\t\t\t<svg xmlns=\"http:\/\/www.w3.org\/2000\/svg\" width=\"20\" height=\"20\" viewBox=\"0 0 20 20\" fill=\"none\"><rect width=\"20\" height=\"20\" fill=\"#E30715\"><\/rect><path d=\"M4.16669 9.58329L8.83335 13.75L15.8334 5.41663\" stroke=\"white\" stroke-width=\"2.5\"><\/path><\/svg>\t\t\t<\/div>\n\t\t<\/div>\n\t\t\t\t<\/div>\n\t\t\t\t<\/div>\n\t\t\t\t<div class=\"elementor-element elementor-element-6b10eff elementor-widget__width-inherit elementor-widget elementor-widget-heading\" data-id=\"6b10eff\" data-element_type=\"widget\" data-widget_type=\"heading.default\">\n\t\t\t\t<div class=\"elementor-widget-container\">\n\t\t\t<h2 class=\"elementor-heading-title elementor-size-default\">Dane Korporacyjne<\/h2>\t\t<\/div>\n\t\t\t\t<\/div>\n\t\t\t\t<\/div>\n\t\t\t\t<div class=\"elementor-element elementor-element-0e14ddf elementor-widget elementor-widget-text-editor\" data-id=\"0e14ddf\" data-element_type=\"widget\" data-widget_type=\"text-editor.default\">\n\t\t\t\t<div class=\"elementor-widget-container\">\n\t\t\t\t\t\t\t<p>\u2022 Profile przedsi\u0119biorstw<br \/>\u2022 Struktura akcjonariatu z uwzgl\u0119dnieniem funduszy<br \/>\u2022 Informacje o w\u0142adzach sp\u00f3\u0142ek<br \/>\u2022 Dywidendy<\/p>\t\t\t\t\t\t<\/div>\n\t\t\t\t<\/div>\n\t\t\t\t<\/div>\n\t\t\t\t<\/div>\n\t\t<div class=\"elementor-element elementor-element-9c1f213 e-con-full e-flex e-con e-child\" data-id=\"9c1f213\" data-element_type=\"container\">\n\t\t<div class=\"elementor-element elementor-element-19cf521 e-con-full e-flex e-con e-child\" data-id=\"19cf521\" data-element_type=\"container\">\n\t\t<div class=\"elementor-element elementor-element-07c8160 e-con-full e-flex e-con e-child\" data-id=\"07c8160\" data-element_type=\"container\">\n\t\t\t\t<div class=\"elementor-element elementor-element-c0378db elementor-view-default elementor-widget elementor-widget-icon\" data-id=\"c0378db\" data-element_type=\"widget\" data-widget_type=\"icon.default\">\n\t\t\t\t<div class=\"elementor-widget-container\">\n\t\t\t\t\t<div class=\"elementor-icon-wrapper\">\n\t\t\t<div class=\"elementor-icon\">\n\t\t\t<svg xmlns=\"http:\/\/www.w3.org\/2000\/svg\" width=\"20\" height=\"20\" viewBox=\"0 0 20 20\" fill=\"none\"><rect width=\"20\" height=\"20\" fill=\"#E30715\"><\/rect><path d=\"M4.16669 9.58329L8.83335 13.75L15.8334 5.41663\" stroke=\"white\" stroke-width=\"2.5\"><\/path><\/svg>\t\t\t<\/div>\n\t\t<\/div>\n\t\t\t\t<\/div>\n\t\t\t\t<\/div>\n\t\t\t\t<div class=\"elementor-element elementor-element-82df568 elementor-widget__width-inherit elementor-widget elementor-widget-heading\" data-id=\"82df568\" data-element_type=\"widget\" data-widget_type=\"heading.default\">\n\t\t\t\t<div class=\"elementor-widget-container\">\n\t\t\t<h2 class=\"elementor-heading-title elementor-size-default\">Notowania i Ceny<\/h2>\t\t<\/div>\n\t\t\t\t<\/div>\n\t\t\t\t<\/div>\n\t\t\t\t<div class=\"elementor-element elementor-element-6f1ee05 elementor-widget elementor-widget-text-editor\" data-id=\"6f1ee05\" data-element_type=\"widget\" data-widget_type=\"text-editor.default\">\n\t\t\t\t<div class=\"elementor-widget-container\">\n\t\t\t\t\t\t\t<p>\u2022 Notowania gie\u0142dowe<br \/>\u2022 Notowania walut<br \/>\u2022 Notowania surowc\u00f3w, paliw i towar\u00f3w<\/p>\t\t\t\t\t\t<\/div>\n\t\t\t\t<\/div>\n\t\t\t\t<\/div>\n\t\t<div class=\"elementor-element elementor-element-1d24024 e-con-full e-flex e-con e-child\" data-id=\"1d24024\" data-element_type=\"container\">\n\t\t<div class=\"elementor-element elementor-element-ca11790 e-con-full e-flex e-con e-child\" data-id=\"ca11790\" data-element_type=\"container\">\n\t\t\t\t<div class=\"elementor-element elementor-element-83ca5ea elementor-view-default elementor-widget elementor-widget-icon\" data-id=\"83ca5ea\" data-element_type=\"widget\" data-widget_type=\"icon.default\">\n\t\t\t\t<div class=\"elementor-widget-container\">\n\t\t\t\t\t<div class=\"elementor-icon-wrapper\">\n\t\t\t<div class=\"elementor-icon\">\n\t\t\t<svg xmlns=\"http:\/\/www.w3.org\/2000\/svg\" width=\"20\" height=\"20\" viewBox=\"0 0 20 20\" fill=\"none\"><rect width=\"20\" height=\"20\" fill=\"#E30715\"><\/rect><path d=\"M4.16669 9.58329L8.83335 13.75L15.8334 5.41663\" stroke=\"white\" stroke-width=\"2.5\"><\/path><\/svg>\t\t\t<\/div>\n\t\t<\/div>\n\t\t\t\t<\/div>\n\t\t\t\t<\/div>\n\t\t\t\t<div class=\"elementor-element elementor-element-b87b6de elementor-widget__width-inherit elementor-widget elementor-widget-heading\" data-id=\"b87b6de\" data-element_type=\"widget\" data-widget_type=\"heading.default\">\n\t\t\t\t<div class=\"elementor-widget-container\">\n\t\t\t<h2 class=\"elementor-heading-title elementor-size-default\">Aktualno\u015bci i Analizy<\/h2>\t\t<\/div>\n\t\t\t\t<\/div>\n\t\t\t\t<\/div>\n\t\t\t\t<div class=\"elementor-element elementor-element-5b77ccc elementor-widget elementor-widget-text-editor\" data-id=\"5b77ccc\" data-element_type=\"widget\" data-widget_type=\"text-editor.default\">\n\t\t\t\t<div class=\"elementor-widget-container\">\n\t\t\t\t\t\t\t<p>\u2022 Komunikaty gie\u0142dowe<br \/>\u2022 Depesze agencji Reuters<br \/>\u2022 Dane makroekonomiczne<\/p>\t\t\t\t\t\t<\/div>\n\t\t\t\t<\/div>\n\t\t\t\t<\/div>\n\t\t\t\t<\/div>\n\t\t\t\t<\/div>\n\t\t\t\t<\/div>\n\t\t\t\t\t<\/div>\n\t\t\t\t<\/div>\n\t\t\t\t<\/div>\n\t\t","protected":false},"excerpt":{"rendered":"<p>EquityRT EquityRT dostarcza informacje o sp\u00f3\u0142kach i papierach warto\u015bciowych z 127 globalnych gie\u0142d w ponad 100 krajach. System oferuje kompleksowe dane finansowe i korporacyjne. Platforma oferuje profesjonalne narz\u0119dzia do analizy rynk\u00f3w finansowych. przejd\u017a do serwisu equity Serwis EquityRT posiada nast\u0119puj\u0105ce funkcjonalno\u015bci: Funkcjonalno\u015bci \u2022 Analiza fundamentalna sp\u00f3\u0142ek\u2022 Analiza sektorowa sp\u00f3\u0142ek\u2022 Skanery akcji\u2022 Rozbudowane narz\u0119dzia wizualizacji danych\u2022 [&hellip;]<\/p>\n","protected":false},"author":11,"featured_media":0,"parent":24,"menu_order":0,"comment_status":"closed","ping_status":"closed","template":"","meta":{"footnotes":""},"class_list":["post-28","page","type-page","status-publish","hentry"],"_links":{"self":[{"href":"https:\/\/ir.notoria.pl\/index.php\/wp-json\/wp\/v2\/pages\/28"}],"collection":[{"href":"https:\/\/ir.notoria.pl\/index.php\/wp-json\/wp\/v2\/pages"}],"about":[{"href":"https:\/\/ir.notoria.pl\/index.php\/wp-json\/wp\/v2\/types\/page"}],"author":[{"embeddable":true,"href":"https:\/\/ir.notoria.pl\/index.php\/wp-json\/wp\/v2\/users\/11"}],"replies":[{"embeddable":true,"href":"https:\/\/ir.notoria.pl\/index.php\/wp-json\/wp\/v2\/comments?post=28"}],"version-history":[{"count":55,"href":"https:\/\/ir.notoria.pl\/index.php\/wp-json\/wp\/v2\/pages\/28\/revisions"}],"predecessor-version":[{"id":1281,"href":"https:\/\/ir.notoria.pl\/index.php\/wp-json\/wp\/v2\/pages\/28\/revisions\/1281"}],"up":[{"embeddable":true,"href":"https:\/\/ir.notoria.pl\/index.php\/wp-json\/wp\/v2\/pages\/24"}],"wp:attachment":[{"href":"https:\/\/ir.notoria.pl\/index.php\/wp-json\/wp\/v2\/media?parent=28"}],"curies":[{"name":"wp","href":"https:\/\/api.w.org\/{rel}","templated":true}]}}