{"id":26,"date":"2024-10-09T17:49:13","date_gmt":"2024-10-09T16:49:13","guid":{"rendered":"https:\/\/irweb.notoria.pl\/wordpress\/?page_id=26"},"modified":"2024-11-30T19:14:29","modified_gmt":"2024-11-30T18:14:29","slug":"baza-emitentow-8","status":"publish","type":"page","link":"https:\/\/ir.notoria.pl\/index.php\/produkty\/baza-emitentow-8\/","title":{"rendered":"Baza emitent\u00f3w"},"content":{"rendered":"\t\t<div data-elementor-type=\"wp-page\" data-elementor-id=\"26\" class=\"elementor elementor-26\">\n\t\t\t\t<div class=\"elementor-element elementor-element-7cf1304f e-flex e-con-boxed e-con e-parent\" data-id=\"7cf1304f\" data-element_type=\"container\" data-settings=\"{&quot;background_background&quot;:&quot;classic&quot;}\">\n\t\t\t\t\t<div class=\"e-con-inner\">\n\t\t\t\t<div class=\"elementor-element elementor-element-15410756 elementor-widget elementor-widget-image\" data-id=\"15410756\" data-element_type=\"widget\" data-widget_type=\"image.default\">\n\t\t\t\t<div class=\"elementor-widget-container\">\n\t\t\t\t\t\t\t\t\t\t\t\t\t<img fetchpriority=\"high\" decoding=\"async\" width=\"800\" height=\"568\" src=\"https:\/\/ir.notoria.pl\/wp-content\/uploads\/2024\/10\/Rectangle-54.svg\" class=\"attachment-large size-large wp-image-280\" alt=\"\" \/>\t\t\t\t\t\t\t\t\t\t\t\t\t<\/div>\n\t\t\t\t<\/div>\n\t\t<div class=\"elementor-element elementor-element-2bcfcf84 e-con-full e-grid e-con e-child\" data-id=\"2bcfcf84\" data-element_type=\"container\">\n\t\t<div class=\"elementor-element elementor-element-48f049a0 e-con-full e-flex e-con e-child\" data-id=\"48f049a0\" data-element_type=\"container\">\n\t\t\t\t<div class=\"elementor-element elementor-element-2bb9b6b5 elementor-widget elementor-widget-heading\" data-id=\"2bb9b6b5\" data-element_type=\"widget\" data-widget_type=\"heading.default\">\n\t\t\t\t<div class=\"elementor-widget-container\">\n\t\t\t<h2 class=\"elementor-heading-title elementor-size-default\">Baza Emitent\u00f3w<\/h2>\t\t<\/div>\n\t\t\t\t<\/div>\n\t\t<div class=\"elementor-element elementor-element-64c4052d e-con-full e-flex e-con e-child\" data-id=\"64c4052d\" data-element_type=\"container\">\n\t\t\t\t<div class=\"elementor-element elementor-element-7d3d91ca elementor-widget elementor-widget-text-editor\" data-id=\"7d3d91ca\" data-element_type=\"widget\" data-widget_type=\"text-editor.default\">\n\t\t\t\t<div class=\"elementor-widget-container\">\n\t\t\t\t\t\t\t<p>Oferujemy dost\u0119p do wybranych zasob\u00f3w danych, kt\u00f3re mog\u0105 by\u0107 wykorzystywane przez u\u017cytkownik\u00f3w w ich produktach lub serwisach. Dzi\u0119ki temu zyskuj\u0105 oni mo\u017cliwo\u015b\u0107 tworzenia zaawansowanych narz\u0119dzi analitycznych i profesjonalnych serwis\u00f3w internetowych.<\/p>\t\t\t\t\t\t<\/div>\n\t\t\t\t<\/div>\n\t\t\t\t<div class=\"elementor-element elementor-element-5e193a9c elementor-widget elementor-widget-text-editor\" data-id=\"5e193a9c\" data-element_type=\"widget\" data-widget_type=\"text-editor.default\">\n\t\t\t\t<div class=\"elementor-widget-container\">\n\t\t\t\t\t\t\t<ul><li>Zakres i format przekazywanych informacji oraz standardy komunikacji s\u0105 ustalane indywidualnie<\/li><li>Oferujemy wsparcie na ka\u017cdym etapie wsp\u00f3\u0142pracy \u2013 od konfiguracji dost\u0119pu po bie\u017c\u0105ce aktualizacje i pomoc techniczn\u0105<\/li><li>Format danych: API w standardzie JSON:API i OAuth2.0<\/li><\/ul>\t\t\t\t\t\t<\/div>\n\t\t\t\t<\/div>\n\t\t\t\t<div class=\"elementor-element elementor-element-7037ccd elementor-widget elementor-widget-text-editor\" data-id=\"7037ccd\" data-element_type=\"widget\" data-widget_type=\"text-editor.default\">\n\t\t\t\t<div class=\"elementor-widget-container\">\n\t\t\t\t\t\t\t<p>Jako agencja informacyjna oraz autoryzowany dystrybutor danych gie\u0142dowych, zapewniamy bezpo\u015bredni dost\u0119p do \u017ar\u00f3d\u0142a informacji. Posiadamy wszystkie niezb\u0119dne licencje i umowy z GPW oraz KNF.<\/p>\t\t\t\t\t\t<\/div>\n\t\t\t\t<\/div>\n\t\t\t\t<\/div>\n\t\t\t\t<\/div>\n\t\t\t\t<div class=\"elementor-element elementor-element-54e8d6be elementor-widget elementor-widget-image\" data-id=\"54e8d6be\" data-element_type=\"widget\" data-widget_type=\"image.default\">\n\t\t\t\t<div class=\"elementor-widget-container\">\n\t\t\t\t\t\t\t\t\t\t\t\t\t<img decoding=\"async\" width=\"800\" height=\"510\" src=\"https:\/\/ir.notoria.pl\/wp-content\/uploads\/2024\/10\/kafelek_trzeci_gotowy_gotowy-1024x653.png\" class=\"attachment-large size-large wp-image-237\" alt=\"\" srcset=\"https:\/\/ir.notoria.pl\/wp-content\/uploads\/2024\/10\/kafelek_trzeci_gotowy_gotowy-1024x653.png 1024w, https:\/\/ir.notoria.pl\/wp-content\/uploads\/2024\/10\/kafelek_trzeci_gotowy_gotowy-300x191.png 300w, https:\/\/ir.notoria.pl\/wp-content\/uploads\/2024\/10\/kafelek_trzeci_gotowy_gotowy-768x490.png 768w, https:\/\/ir.notoria.pl\/wp-content\/uploads\/2024\/10\/kafelek_trzeci_gotowy_gotowy.png 1165w\" sizes=\"(max-width: 800px) 100vw, 800px\" \/>\t\t\t\t\t\t\t\t\t\t\t\t\t<\/div>\n\t\t\t\t<\/div>\n\t\t\t\t<\/div>\n\t\t<div class=\"elementor-element elementor-element-435ecb62 e-con-full e-flex e-con e-child\" data-id=\"435ecb62\" data-element_type=\"container\">\n\t\t\t\t<div class=\"elementor-element elementor-element-2a3d53d9 elementor-widget elementor-widget-heading\" data-id=\"2a3d53d9\" data-element_type=\"widget\" data-widget_type=\"heading.default\">\n\t\t\t\t<div class=\"elementor-widget-container\">\n\t\t\t<h2 class=\"elementor-heading-title elementor-size-default\">Szczeg\u00f3\u0142owe dane dostarczane przez Baz\u0119 Emitent\u00f3w:<\/h2>\t\t<\/div>\n\t\t\t\t<\/div>\n\t\t<div class=\"elementor-element elementor-element-6fe1862c e-con-full e-grid e-con e-child\" data-id=\"6fe1862c\" data-element_type=\"container\" data-settings=\"{&quot;background_background&quot;:&quot;classic&quot;}\">\n\t\t<div class=\"elementor-element elementor-element-ffa0d7c e-con-full e-flex e-con e-child\" data-id=\"ffa0d7c\" data-element_type=\"container\">\n\t\t<div class=\"elementor-element elementor-element-36215d72 e-con-full e-flex e-con e-child\" data-id=\"36215d72\" data-element_type=\"container\">\n\t\t<div class=\"elementor-element elementor-element-14b0f885 e-con-full e-flex e-con e-child\" data-id=\"14b0f885\" data-element_type=\"container\">\n\t\t\t\t<div class=\"elementor-element elementor-element-1a67701f elementor-view-default elementor-widget elementor-widget-icon\" data-id=\"1a67701f\" data-element_type=\"widget\" data-widget_type=\"icon.default\">\n\t\t\t\t<div class=\"elementor-widget-container\">\n\t\t\t\t\t<div class=\"elementor-icon-wrapper\">\n\t\t\t<div class=\"elementor-icon\">\n\t\t\t<svg xmlns=\"http:\/\/www.w3.org\/2000\/svg\" width=\"20\" height=\"20\" viewBox=\"0 0 20 20\" fill=\"none\"><rect width=\"20\" height=\"20\" fill=\"#E30715\"><\/rect><path d=\"M4.16669 9.58329L8.83335 13.75L15.8334 5.41663\" stroke=\"white\" stroke-width=\"2.5\"><\/path><\/svg>\t\t\t<\/div>\n\t\t<\/div>\n\t\t\t\t<\/div>\n\t\t\t\t<\/div>\n\t\t\t\t<div class=\"elementor-element elementor-element-6a04d43a elementor-widget__width-inherit elementor-widget elementor-widget-heading\" data-id=\"6a04d43a\" data-element_type=\"widget\" data-widget_type=\"heading.default\">\n\t\t\t\t<div class=\"elementor-widget-container\">\n\t\t\t<h2 class=\"elementor-heading-title elementor-size-default\">Sprawozdawczo\u015b\u0107<\/h2>\t\t<\/div>\n\t\t\t\t<\/div>\n\t\t\t\t<\/div>\n\t\t\t\t<div class=\"elementor-element elementor-element-2d563025 elementor-widget elementor-widget-text-editor\" data-id=\"2d563025\" data-element_type=\"widget\" data-widget_type=\"text-editor.default\">\n\t\t\t\t<div class=\"elementor-widget-container\">\n\t\t\t\t\t\t\t<p>\u2022 Raporty i sprawozdania finansowe (jednostkowe\/skonsolidowane)<br \/>\u2022 Wska\u017aniki finansowe i rynkowe<br \/>\u2022 Komunikaty ESPI\/EBI<br \/>\u2022 Kalendarium wydarze\u0144<\/p>\t\t\t\t\t\t<\/div>\n\t\t\t\t<\/div>\n\t\t\t\t<\/div>\n\t\t<div class=\"elementor-element elementor-element-3d83607d e-con-full e-flex e-con e-child\" data-id=\"3d83607d\" data-element_type=\"container\">\n\t\t<div class=\"elementor-element elementor-element-6d9e8958 e-con-full e-flex e-con e-child\" data-id=\"6d9e8958\" data-element_type=\"container\">\n\t\t\t\t<div class=\"elementor-element elementor-element-53843572 elementor-view-default elementor-widget elementor-widget-icon\" data-id=\"53843572\" data-element_type=\"widget\" data-widget_type=\"icon.default\">\n\t\t\t\t<div class=\"elementor-widget-container\">\n\t\t\t\t\t<div class=\"elementor-icon-wrapper\">\n\t\t\t<div class=\"elementor-icon\">\n\t\t\t<svg xmlns=\"http:\/\/www.w3.org\/2000\/svg\" width=\"20\" height=\"20\" viewBox=\"0 0 20 20\" fill=\"none\"><rect width=\"20\" height=\"20\" fill=\"#E30715\"><\/rect><path d=\"M4.16669 9.58329L8.83335 13.75L15.8334 5.41663\" stroke=\"white\" stroke-width=\"2.5\"><\/path><\/svg>\t\t\t<\/div>\n\t\t<\/div>\n\t\t\t\t<\/div>\n\t\t\t\t<\/div>\n\t\t\t\t<div class=\"elementor-element elementor-element-4b302ced elementor-widget__width-inherit elementor-widget elementor-widget-heading\" data-id=\"4b302ced\" data-element_type=\"widget\" data-widget_type=\"heading.default\">\n\t\t\t\t<div class=\"elementor-widget-container\">\n\t\t\t<h2 class=\"elementor-heading-title elementor-size-default\">Rynki i Notowania<\/h2>\t\t<\/div>\n\t\t\t\t<\/div>\n\t\t\t\t<\/div>\n\t\t\t\t<div class=\"elementor-element elementor-element-85b1c77 elementor-widget elementor-widget-text-editor\" data-id=\"85b1c77\" data-element_type=\"widget\" data-widget_type=\"text-editor.default\">\n\t\t\t\t<div class=\"elementor-widget-container\">\n\t\t\t\t\t\t\t<p>\u2022 Notowania sp\u00f3\u0142ek krajowych i zagranicznych<br \/>\u2022 Indeksy gie\u0142dowe<br \/>\u2022 Instrumenty pochodne<br \/>\u2022 Obligacje<br \/>\u2022 ETF i fundusze inwestycyjne<br \/>\u2022 Surowce i towary<br \/>\u2022 Waluty i kryptowaluty<\/p>\t\t\t\t\t\t<\/div>\n\t\t\t\t<\/div>\n\t\t\t\t<\/div>\n\t\t<div class=\"elementor-element elementor-element-39044b10 e-con-full e-flex e-con e-child\" data-id=\"39044b10\" data-element_type=\"container\">\n\t\t<div class=\"elementor-element elementor-element-3bede149 e-con-full e-flex e-con e-child\" data-id=\"3bede149\" data-element_type=\"container\">\n\t\t\t\t<div class=\"elementor-element elementor-element-1583513 elementor-view-default elementor-widget elementor-widget-icon\" data-id=\"1583513\" data-element_type=\"widget\" data-widget_type=\"icon.default\">\n\t\t\t\t<div class=\"elementor-widget-container\">\n\t\t\t\t\t<div class=\"elementor-icon-wrapper\">\n\t\t\t<div class=\"elementor-icon\">\n\t\t\t<svg xmlns=\"http:\/\/www.w3.org\/2000\/svg\" width=\"20\" height=\"20\" viewBox=\"0 0 20 20\" fill=\"none\"><rect width=\"20\" height=\"20\" fill=\"#E30715\"><\/rect><path d=\"M4.16669 9.58329L8.83335 13.75L15.8334 5.41663\" stroke=\"white\" stroke-width=\"2.5\"><\/path><\/svg>\t\t\t<\/div>\n\t\t<\/div>\n\t\t\t\t<\/div>\n\t\t\t\t<\/div>\n\t\t\t\t<div class=\"elementor-element elementor-element-4df342c0 elementor-widget__width-inherit elementor-widget elementor-widget-heading\" data-id=\"4df342c0\" data-element_type=\"widget\" data-widget_type=\"heading.default\">\n\t\t\t\t<div class=\"elementor-widget-container\">\n\t\t\t<h2 class=\"elementor-heading-title elementor-size-default\">Struktura W\u0142a\u015bcicielska<\/h2>\t\t<\/div>\n\t\t\t\t<\/div>\n\t\t\t\t<\/div>\n\t\t\t\t<div class=\"elementor-element elementor-element-4a3e6271 elementor-widget elementor-widget-text-editor\" data-id=\"4a3e6271\" data-element_type=\"widget\" data-widget_type=\"text-editor.default\">\n\t\t\t\t<div class=\"elementor-widget-container\">\n\t\t\t\t\t\t\t<p>\u2022 Akcjonariat<br \/>\u2022 Zarz\u0105dy i rade nadzorcze<br \/>\u2022 Transakcje podmiot\u00f3w powi\u0105zanych<br \/>\u2022 Operacje na akcjach<\/p>\t\t\t\t\t\t<\/div>\n\t\t\t\t<\/div>\n\t\t\t\t<\/div>\n\t\t\t\t<\/div>\n\t\t\t\t<\/div>\n\t\t\t\t<\/div>\n\t\t\t\t\t<\/div>\n\t\t\t\t<\/div>\n\t\t\t\t<\/div>\n\t\t","protected":false},"excerpt":{"rendered":"<p>Baza Emitent\u00f3w Oferujemy dost\u0119p do wybranych zasob\u00f3w danych, kt\u00f3re mog\u0105 by\u0107 wykorzystywane przez u\u017cytkownik\u00f3w w ich produktach lub serwisach. Dzi\u0119ki temu zyskuj\u0105 oni mo\u017cliwo\u015b\u0107 tworzenia zaawansowanych narz\u0119dzi analitycznych i profesjonalnych serwis\u00f3w internetowych. Zakres i format przekazywanych informacji oraz standardy komunikacji s\u0105 ustalane indywidualnie Oferujemy wsparcie na ka\u017cdym etapie wsp\u00f3\u0142pracy \u2013 od konfiguracji dost\u0119pu po bie\u017c\u0105ce [&hellip;]<\/p>\n","protected":false},"author":11,"featured_media":0,"parent":24,"menu_order":0,"comment_status":"closed","ping_status":"closed","template":"","meta":{"footnotes":""},"class_list":["post-26","page","type-page","status-publish","hentry"],"_links":{"self":[{"href":"https:\/\/ir.notoria.pl\/index.php\/wp-json\/wp\/v2\/pages\/26"}],"collection":[{"href":"https:\/\/ir.notoria.pl\/index.php\/wp-json\/wp\/v2\/pages"}],"about":[{"href":"https:\/\/ir.notoria.pl\/index.php\/wp-json\/wp\/v2\/types\/page"}],"author":[{"embeddable":true,"href":"https:\/\/ir.notoria.pl\/index.php\/wp-json\/wp\/v2\/users\/11"}],"replies":[{"embeddable":true,"href":"https:\/\/ir.notoria.pl\/index.php\/wp-json\/wp\/v2\/comments?post=26"}],"version-history":[{"count":31,"href":"https:\/\/ir.notoria.pl\/index.php\/wp-json\/wp\/v2\/pages\/26\/revisions"}],"predecessor-version":[{"id":1243,"href":"https:\/\/ir.notoria.pl\/index.php\/wp-json\/wp\/v2\/pages\/26\/revisions\/1243"}],"up":[{"embeddable":true,"href":"https:\/\/ir.notoria.pl\/index.php\/wp-json\/wp\/v2\/pages\/24"}],"wp:attachment":[{"href":"https:\/\/ir.notoria.pl\/index.php\/wp-json\/wp\/v2\/media?parent=26"}],"curies":[{"name":"wp","href":"https:\/\/api.w.org\/{rel}","templated":true}]}}